{"id":827,"date":"2015-08-10T13:34:45","date_gmt":"2015-08-10T10:34:45","guid":{"rendered":"http:\/\/www.ksliitto.fi\/?page_id=827"},"modified":"2023-11-29T10:24:22","modified_gmt":"2023-11-29T10:24:22","slug":"liitteet","status":"publish","type":"page","link":"https:\/\/ksliitto.fi\/index.php\/koulutukset\/liitteet\/","title":{"rendered":"Liitteet"},"content":{"rendered":"<p>Tarvittavia liitteit\u00e4 kursseille.<\/p>\n<p><a href=\"https:\/\/ksliitto.fi\/index.php\/koulutukset\/liitteet\/matka-ja-palkkiolasku\/\" target=\"_blank\" rel=\"attachment noopener wp-att-1242\">Matka-ja-palkkiolasku <\/a><a href=\"https:\/\/ksliitto.fi\/index.php\/koulutukset\/liitteet\/hakemus_kurssilomake\/\" target=\"_blank\" rel=\"attachment noopener wp-att-1229\">(Lataa t\u00e4st\u00e4 Word-file)<\/a><\/p>\n<a href=\"https:\/\/ksliitto.fi\/wp-content\/uploads\/2023\/11\/Matka-ja-palkkiolasku.pdf\" class=\"pdfemb-viewer\" style=\"\" data-width=\"max\" data-height=\"max\"  data-toolbar=\"bottom\" data-toolbar-fixed=\"on\">Matka ja palkkiolasku<br\/><\/a>\n<p><a href=\"https:\/\/ksliitto.fi\/index.php\/koulutukset\/liitteet\/hakemus_kurssilomake\/\" target=\"_blank\" rel=\"attachment noopener wp-att-1229\">Hakemus_kurssilomake (Lataa t\u00e4st\u00e4 Word-file)<\/a><\/p>\n<p><a href=\"https:\/\/ksliitto.fi\/index.php\/koulutukset\/liitteet\/hakemus_kurssilomake\/\" target=\"_blank\" rel=\"attachment noopener wp-att-1229\"><a href=\"https:\/\/ksliitto.fi\/wp-content\/uploads\/2023\/11\/Kurssille_hakulomake.pdf\" class=\"pdfemb-viewer\" style=\"\" data-width=\"max\" data-height=\"max\"  data-toolbar=\"bottom\" data-toolbar-fixed=\"on\">Kurssille_hakulomake<br\/><\/a><\/a><\/p>\n<p><a href=\"https:\/\/ksliitto.fi\/index.php\/koulutukset\/liitteet\/osallistujaluettelo\/\" target=\"_blank\" rel=\"attachment noopener wp-att-1237\">Osallistujaluettelo: Lataa t\u00e4st\u00e4<\/a><\/p>\n<p><a href=\"https:\/\/ksliitto.fi\/index.php\/koulutukset\/liitteet\/kurssiohjelma_ok\/\" target=\"_blank\" rel=\"attachment noopener wp-att-1239\">Kurssiohjelma<\/a><a href=\"https:\/\/ksliitto.fi\/index.php\/koulutukset\/liitteet\/osallistujaluettelo\/\" target=\"_blank\" rel=\"attachment noopener wp-att-1237\">: Lataa t\u00e4st\u00e4<\/a><\/p>\n<p><a href=\"https:\/\/ksliitto.fi\/index.php\/koulutukset\/liitteet\/turvallisuuslomake\/\" target=\"_blank\" rel=\"attachment noopener wp-att-1235\">Turvallisuuslomake<\/a><a href=\"https:\/\/ksliitto.fi\/index.php\/koulutukset\/liitteet\/osallistujaluettelo\/\" target=\"_blank\" rel=\"attachment noopener wp-att-1237\">: Lataa t\u00e4st\u00e4<\/a><\/p>\n<p><a href=\"https:\/\/ksliitto.fi\/index.php\/koulutukset\/liitteet\/kurssiseloste\/\" target=\"_blank\" rel=\"attachment noopener wp-att-1240\">Kurssiseloste<\/a><a href=\"https:\/\/ksliitto.fi\/index.php\/koulutukset\/liitteet\/osallistujaluettelo\/\" target=\"_blank\" rel=\"attachment noopener wp-att-1237\">: Lataa t\u00e4st\u00e4<\/a><\/p>\n<p><a href=\"https:\/\/ksliitto.fi\/index.php\/koulutukset\/liitteet\/lasnaolon-kirjaus\/\" rel=\"attachment wp-att-1241\">L\u00e4sn\u00e4olon kirjaus<\/a><a href=\"https:\/\/ksliitto.fi\/index.php\/koulutukset\/liitteet\/osallistujaluettelo\/\" target=\"_blank\" rel=\"attachment noopener wp-att-1237\">: Lataa t\u00e4st\u00e4<\/a><\/p>\n<p><a href=\"https:\/\/ksliitto.fi\/index.php\/koulutukset\/liitteet\/hakijayhteenveto\/\" rel=\"attachment wp-att-1236\">Hakijayhteenveto<\/a><a href=\"https:\/\/ksliitto.fi\/index.php\/koulutukset\/liitteet\/osallistujaluettelo\/\" target=\"_blank\" rel=\"attachment noopener wp-att-1237\">: Lataa t\u00e4st\u00e4<\/a><\/p>\n<p><a href=\"https:\/\/ksliitto.fi\/index.php\/koulutukset\/liitteet\/palautelomake\/\" target=\"_blank\" rel=\"attachment noopener wp-att-1244\">Palautelomake<\/a><a href=\"https:\/\/ksliitto.fi\/index.php\/koulutukset\/liitteet\/osallistujaluettelo\/\" target=\"_blank\" rel=\"attachment noopener wp-att-1237\">: Lataa t\u00e4st\u00e4<\/a><\/p>\n<p><a href=\"https:\/\/ksliitto.fi\/index.php\/koulutukset\/liitteet\/matka-ja-palkkiolasku\/\" rel=\"attachment wp-att-1242\">Matka-ja-palkkiolasku<\/a><a href=\"https:\/\/ksliitto.fi\/index.php\/koulutukset\/liitteet\/osallistujaluettelo\/\" target=\"_blank\" rel=\"attachment noopener wp-att-1237\">: Lataa t\u00e4st\u00e4<\/a><\/p>\n","protected":false},"excerpt":{"rendered":"<p>Tarvittavia liitteit\u00e4 kursseille. Matka-ja-palkkiolasku (Lataa t\u00e4st\u00e4 Word-file) Hakemus_kurssilomake (Lataa t\u00e4st\u00e4 Word-file) Osallistujaluettelo: Lataa t\u00e4st\u00e4 Kurssiohjelma: Lataa t\u00e4st\u00e4 Turvallisuuslomake: Lataa t\u00e4st\u00e4 Kurssiseloste: Lataa t\u00e4st\u00e4 L\u00e4sn\u00e4olon kirjaus: Lataa t\u00e4st\u00e4 Hakijayhteenveto: Lataa t\u00e4st\u00e4 Palautelomake: Lataa t\u00e4st\u00e4 Matka-ja-palkkiolasku: Lataa t\u00e4st\u00e4<\/p>\n","protected":false},"author":1,"featured_media":0,"parent":27,"menu_order":0,"comment_status":"closed","ping_status":"closed","template":"","meta":{"footnotes":""},"_links":{"self":[{"href":"https:\/\/ksliitto.fi\/index.php\/wp-json\/wp\/v2\/pages\/827"}],"collection":[{"href":"https:\/\/ksliitto.fi\/index.php\/wp-json\/wp\/v2\/pages"}],"about":[{"href":"https:\/\/ksliitto.fi\/index.php\/wp-json\/wp\/v2\/types\/page"}],"author":[{"embeddable":true,"href":"https:\/\/ksliitto.fi\/index.php\/wp-json\/wp\/v2\/users\/1"}],"replies":[{"embeddable":true,"href":"https:\/\/ksliitto.fi\/index.php\/wp-json\/wp\/v2\/comments?post=827"}],"version-history":[{"count":46,"href":"https:\/\/ksliitto.fi\/index.php\/wp-json\/wp\/v2\/pages\/827\/revisions"}],"predecessor-version":[{"id":1672,"href":"https:\/\/ksliitto.fi\/index.php\/wp-json\/wp\/v2\/pages\/827\/revisions\/1672"}],"up":[{"embeddable":true,"href":"https:\/\/ksliitto.fi\/index.php\/wp-json\/wp\/v2\/pages\/27"}],"wp:attachment":[{"href":"https:\/\/ksliitto.fi\/index.php\/wp-json\/wp\/v2\/media?parent=827"}],"curies":[{"name":"wp","href":"https:\/\/api.w.org\/{rel}","templated":true}]}}