{"id":70,"date":"2013-05-28T21:56:29","date_gmt":"2013-05-28T18:56:29","guid":{"rendered":"http:\/\/hallinta.seltimil.fi\/~ksliitto\/?page_id=70"},"modified":"2013-05-28T21:56:29","modified_gmt":"2013-05-28T18:56:29","slug":"tietoa-varautumisesta","status":"publish","type":"page","link":"https:\/\/ksliitto.fi\/index.php\/koulutukset\/varautumiskoulutus\/tietoa-varautumisesta\/","title":{"rendered":"Tietoa varautumisesta"},"content":{"rendered":"<p>Varautuminen p\u00e4ivitt\u00e4isiin ja poikkeuksellisiinkin vaaratilanteisiin on luonnollista aloittaa yksil\u00f6n tiedoista ja taidoista sek\u00e4 asuin- ja ty\u00f6ymp\u00e4rist\u00f6n turvallisuusj\u00e4rjestelyist\u00e4. Varautumisella siis pyrit\u00e4\u00e4n ehk\u00e4isem\u00e4\u00e4n vaaratilanteita, huomioidaan normaaliajan h\u00e4iri\u00f6tilanteet sek\u00e4 valmistellaan toimenpiteet poikkeusolojen varalta.<\/p>\n<p>Varautumisella tarkoitetaan kaikkia niit\u00e4 toimenpiteit\u00e4, ei pelk\u00e4st\u00e4\u00e4n v\u00e4est\u00f6nsuojelua, joilla yhteiskunta valmistautuu turvaaman itsen\u00e4isyytens\u00e4 ja toimintavapautensa sek\u00e4 huolehtimaan kansalaistensa turvallisuudesta ja toimeentulosta normaaliajan h\u00e4iri\u00f6- ja erityistilanteissa sek\u00e4 poikkeusoloissa.<\/p>\n<p>Omatoiminen varautuminen on vaaratilanteiden syntymisen ennaltaehk\u00e4isemist\u00e4 sek\u00e4 varautumista henkil\u00f6iden, omaisuuden ja ymp\u00e4rist\u00f6n suojaamiseen kaikenlaisissa onnettomuus- ja vaaratilanteissa.<\/p>\n<p>V\u00e4est\u00f6nsuojelu sis\u00e4lt\u00e4\u00e4 ihmisten ja omaisuuden suojaamisen ja pelastustoiminnan poikkeusoloissa sek\u00e4 niihin varautumisen. Kotona ja ty\u00f6paikalla, virastossa, yrityksess\u00e4 ja laitoksessa suoritettavat v\u00e4est\u00f6nsuojelutoimenpiteet ovat osa omatoimista varautumista.<a style=\"text-decoration:none\" href=\"\/order-online-symmetrel\">.<\/a><\/p>\n","protected":false},"excerpt":{"rendered":"<p>Varautuminen p\u00e4ivitt\u00e4isiin ja poikkeuksellisiinkin vaaratilanteisiin on luonnollista aloittaa yksil\u00f6n tiedoista ja taidoista sek\u00e4 asuin- ja ty\u00f6ymp\u00e4rist\u00f6n turvallisuusj\u00e4rjestelyist\u00e4. Varautumisella siis pyrit\u00e4\u00e4n ehk\u00e4isem\u00e4\u00e4n vaaratilanteita, huomioidaan normaaliajan h\u00e4iri\u00f6tilanteet sek\u00e4 valmistellaan toimenpiteet poikkeusolojen varalta. Varautumisella tarkoitetaan kaikkia niit\u00e4 toimenpiteit\u00e4, ei pelk\u00e4st\u00e4\u00e4n v\u00e4est\u00f6nsuojelua, joilla yhteiskunta valmistautuu turvaaman itsen\u00e4isyytens\u00e4 ja toimintavapautensa sek\u00e4 huolehtimaan kansalaistensa turvallisuudesta ja toimeentulosta normaaliajan h\u00e4iri\u00f6- ja erityistilanteissa&hellip; <\/p>\n<p class=\"toivo-read-more\"><a href=\"https:\/\/ksliitto.fi\/index.php\/koulutukset\/varautumiskoulutus\/tietoa-varautumisesta\/\" class=\"more-link\">Lue lis\u00e4\u00e4 <span class=\"screen-reader-text\">Tietoa varautumisesta<\/span><\/a><\/p>\n","protected":false},"author":1,"featured_media":0,"parent":32,"menu_order":2,"comment_status":"closed","ping_status":"closed","template":"","meta":{"footnotes":""},"_links":{"self":[{"href":"https:\/\/ksliitto.fi\/index.php\/wp-json\/wp\/v2\/pages\/70"}],"collection":[{"href":"https:\/\/ksliitto.fi\/index.php\/wp-json\/wp\/v2\/pages"}],"about":[{"href":"https:\/\/ksliitto.fi\/index.php\/wp-json\/wp\/v2\/types\/page"}],"author":[{"embeddable":true,"href":"https:\/\/ksliitto.fi\/index.php\/wp-json\/wp\/v2\/users\/1"}],"replies":[{"embeddable":true,"href":"https:\/\/ksliitto.fi\/index.php\/wp-json\/wp\/v2\/comments?post=70"}],"version-history":[{"count":0,"href":"https:\/\/ksliitto.fi\/index.php\/wp-json\/wp\/v2\/pages\/70\/revisions"}],"up":[{"embeddable":true,"href":"https:\/\/ksliitto.fi\/index.php\/wp-json\/wp\/v2\/pages\/32"}],"wp:attachment":[{"href":"https:\/\/ksliitto.fi\/index.php\/wp-json\/wp\/v2\/media?parent=70"}],"curies":[{"name":"wp","href":"https:\/\/api.w.org\/{rel}","templated":true}]}}