{"id":688,"date":"2014-12-07T22:20:05","date_gmt":"2014-12-07T20:20:05","guid":{"rendered":"http:\/\/www.ksliitto.fi\/?page_id=688"},"modified":"2016-08-19T10:41:47","modified_gmt":"2016-08-19T10:41:47","slug":"nuorten-koulutus","status":"publish","type":"page","link":"https:\/\/ksliitto.fi\/index.php\/jarjestotoiminta\/palokuntanuoret\/nuorten-koulutus\/","title":{"rendered":"Nuorten koulutus"},"content":{"rendered":"<p><strong>Palokuntanuorten koulutus<\/strong><\/p>\n<p>Palokuntanuorilla on oma koulutusj\u00e4rjestelm\u00e4. Se on suunniteltu 7-17-vuotiaille lapsille ja nuorille. J\u00e4rjestelm\u00e4 koostuu perehdytt\u00e4v\u00e4st\u00e4, opettavasta ja syvent\u00e4v\u00e4st\u00e4 osiosta. Koulutusj\u00e4rjestelm\u00e4 perustuu lasten ja nuorten ik\u00e4\u00e4n ja kokemukseen. Nuori suorittaa kursseja j\u00e4rjestyksess\u00e4 aloittaen oman ik\u00e4ns\u00e4 mukaisesta kurssista ja etenee suoritettujen kurssien my\u00f6t\u00e4 eteenp\u00e4in j\u00e4rjestelm\u00e4ss\u00e4. Nuoret voivat oppivan osan kurssien j\u00e4lkeen suorittaa my\u00f6s taitomerkkej\u00e4. Taitomerkin saa hyv\u00e4ksytysti suoritetun taitomerkkikokeen j\u00e4lkeen. Kokeet suoritetaan useimmiten palokuntanuorten leireill\u00e4 kurssisuorituksen j\u00e4lkeen. Kaavio:http:\/\/spek.fi\/Suomeksi\/Palokuntatoiminta\/Palokuntanuoret\/Koulutus<\/p>\n<p><strong>Palokuntanuorten ohjaajien koulutus<\/strong><\/p>\n<p>Palokuntanuorten ohjaajille on kaksi kurssia. Kouluttajakurssi (32h) antaa valmiuksia toimia lasten ja nuorten kouluttajana. Koulutus sis\u00e4lt\u00e4\u00e4 kasvatukseen, lasten ja nuorten kehittymiseen sek\u00e4 opettamiseen liittyvi\u00e4 aiheita. Johtajakurssi (16h) antaa puolestaa valmiudet toimia palokuntanuoriso-osaston johtajana tai varajohtajana. Koulutus sis\u00e4lt\u00e4\u00e4 muun muassa toiminnan suunnittelua, riskien kartoittamista sek\u00e4 viestint\u00e4\u00e4.<\/p>\n<p>Palokuntanuorten ohjaajille suunnattua koulutusta kehitet\u00e4\u00e4n juuri nyt. Kursseista vaihdetaan opintojaksoihin ja opintopisteisiin. J\u00e4rjestelm\u00e4\u00e4n tulee yksi uusi opintojakso, joka muodostuu kerrattavista kouluttajaopintojakson sis\u00e4ll\u00f6ist\u00e4. Niin ik\u00e4\u00e4n kouluttajajakso kuin johtamiskoulutusjakso kokevat uudistusta. Suurinpana muutoksena tullaan koulutukseen liitt\u00e4m\u00e4\u00e4n monimuoto-opiskelu (Moodle). T\u00e4m\u00e4n my\u00f6t\u00e4 mahdollistetaan pienempien asiakokonaisuuksien kertaaminen itsen\u00e4isesti verkko-opiskeluna varsinaisten opintojaksojen lis\u00e4ksi. Aikataulu uudistuksella on 2013-2014.<\/p>\n<p><strong>Koulutusmateriaali saatavissa <a href=\"http:\/\/spek.fi\/Suomeksi\/Palokuntatoiminta\/Palokuntanuoret\/Materiaalia\">t\u00e4\u00e4lt\u00e4<\/a><\/strong><\/p>\n","protected":false},"excerpt":{"rendered":"<p>Palokuntanuorten koulutus Palokuntanuorilla on oma koulutusj\u00e4rjestelm\u00e4. Se on suunniteltu 7-17-vuotiaille lapsille ja nuorille. J\u00e4rjestelm\u00e4 koostuu perehdytt\u00e4v\u00e4st\u00e4, opettavasta ja syvent\u00e4v\u00e4st\u00e4 osiosta. Koulutusj\u00e4rjestelm\u00e4 perustuu lasten ja nuorten ik\u00e4\u00e4n ja kokemukseen. Nuori suorittaa kursseja j\u00e4rjestyksess\u00e4 aloittaen oman ik\u00e4ns\u00e4 mukaisesta kurssista ja etenee suoritettujen kurssien my\u00f6t\u00e4 eteenp\u00e4in j\u00e4rjestelm\u00e4ss\u00e4. Nuoret voivat oppivan osan kurssien j\u00e4lkeen suorittaa my\u00f6s taitomerkkej\u00e4. Taitomerkin saa&hellip; <\/p>\n<p class=\"toivo-read-more\"><a href=\"https:\/\/ksliitto.fi\/index.php\/jarjestotoiminta\/palokuntanuoret\/nuorten-koulutus\/\" class=\"more-link\">Lue lis\u00e4\u00e4 <span class=\"screen-reader-text\">Nuorten koulutus<\/span><\/a><\/p>\n","protected":false},"author":1,"featured_media":0,"parent":94,"menu_order":0,"comment_status":"closed","ping_status":"closed","template":"","meta":{"footnotes":""},"_links":{"self":[{"href":"https:\/\/ksliitto.fi\/index.php\/wp-json\/wp\/v2\/pages\/688"}],"collection":[{"href":"https:\/\/ksliitto.fi\/index.php\/wp-json\/wp\/v2\/pages"}],"about":[{"href":"https:\/\/ksliitto.fi\/index.php\/wp-json\/wp\/v2\/types\/page"}],"author":[{"embeddable":true,"href":"https:\/\/ksliitto.fi\/index.php\/wp-json\/wp\/v2\/users\/1"}],"replies":[{"embeddable":true,"href":"https:\/\/ksliitto.fi\/index.php\/wp-json\/wp\/v2\/comments?post=688"}],"version-history":[{"count":1,"href":"https:\/\/ksliitto.fi\/index.php\/wp-json\/wp\/v2\/pages\/688\/revisions"}],"predecessor-version":[{"id":931,"href":"https:\/\/ksliitto.fi\/index.php\/wp-json\/wp\/v2\/pages\/688\/revisions\/931"}],"up":[{"embeddable":true,"href":"https:\/\/ksliitto.fi\/index.php\/wp-json\/wp\/v2\/pages\/94"}],"wp:attachment":[{"href":"https:\/\/ksliitto.fi\/index.php\/wp-json\/wp\/v2\/media?parent=688"}],"curies":[{"name":"wp","href":"https:\/\/api.w.org\/{rel}","templated":true}]}}