{"id":67,"date":"2013-05-28T21:55:47","date_gmt":"2013-05-28T18:55:47","guid":{"rendered":"http:\/\/hallinta.seltimil.fi\/~ksliitto\/?page_id=67"},"modified":"2016-08-19T10:33:45","modified_gmt":"2016-08-19T10:33:45","slug":"kurssit","status":"publish","type":"page","link":"https:\/\/ksliitto.fi\/index.php\/koulutukset\/varautumiskoulutus\/kurssit\/","title":{"rendered":"Kurssit"},"content":{"rendered":"<div id=\"pl-67\"  class=\"panel-layout\" ><div id=\"pg-67-0\"  class=\"panel-grid panel-no-style\" ><div id=\"pgc-67-0-0\"  class=\"panel-grid-cell\" ><div id=\"panel-67-0-0-0\" class=\"so-panel widget widget_sow-editor panel-first-child panel-last-child\" data-index=\"0\" ><div\n\t\t\t\n\t\t\tclass=\"so-widget-sow-editor so-widget-sow-editor-base\"\n\t\t\t\n\t\t><h3 class=\"widget-title\">Kursseja<\/h3>\n<div class=\"siteorigin-widget-tinymce textwidget\">\n\t<p>Talon turvallisuusp\u00e4\u00e4llikk\u00f6kurssi<br \/>V\u00e4est\u00f6nsuojan hoitajakurssi<br \/>Taloyhti\u00f6n turva info<br \/>Yrityksen ja\/tai laitoksen turvakurssi<br \/>Turvallisuus- ja suojelujohdon peruskurssi-kutsu<br \/>Pelastustoiminnan perusteet pelastuskoiraohjaajille<br \/>Suojeluyksik\u00f6n johtajien peruskurssi<br \/>Kunnan teknisen toimen v\u00e4est\u00f6nsuojeluorganisaatioon kuuluvien perehdytt\u00e4miskoulutus<br \/>Kunnan sosiaalitoimen v\u00e4est\u00f6nsuojeluorganisaatioon kuuluvien perehdytt\u00e4miskoulutus<\/p>\n<p>\u00a0<\/p>\n<p><strong>Talon turvallisuusp\u00e4\u00e4llikk\u00f6kurssi (8 h)<\/strong><\/p>\n<p>Kohderyhm\u00e4:<\/p>\n<p>Talon turvallisuusp\u00e4\u00e4llik\u00f6n kurssi on tarkoitettu yli nelj\u00e4n asunnon kiinteist\u00f6ihin valituille turvallisuusp\u00e4\u00e4llik\u00f6ille. Kurssi soveltuu my\u00f6s hyvin kiinteist\u00f6n hallitukselle, is\u00e4nn\u00f6itsij\u00e4lle sek\u00e4 kaikille niille, joille oman asumisen turvallisuuden edist\u00e4minen on t\u00e4rke\u00e4\u00e4<\/p>\n<p>Tavoite:<\/p>\n<p>Kurssilla perehdyt\u00e4\u00e4n perusteellisesti asumisturvallisuuden eri osa-alueisiin sek\u00e4 annetaan valmiudet suoriutua talon turvallisuusp\u00e4\u00e4llik\u00f6n tiedottamisvelvoitteesta muille talon asukkaille.<\/p>\n<p>Kurssilla aiheina ovat esim. kiinteist\u00f6n velvoitteet talosuojelussa, paloturvallisuus, kunnan v\u00e4est\u00f6nsuojelun j\u00e4rjestelyt, suojautuminen, kunnallistekniikan h\u00e4iri\u00f6t, vaarallisten aineiden onnettomuus sek\u00e4 tiedottaminen ja suojelup\u00e4\u00e4llik\u00f6n teht\u00e4v\u00e4t. Kurssin aikana kurssilaiset laativat tai p\u00e4ivitt\u00e4v\u00e4t oman talonsa pelastussuunnitelman<\/p>\n<p>Hinta : 90 \u20ac + alv. 23% alv. \/ henkil\u00f6<\/p>\n<p>Sis\u00e4lt\u00e4\u00e4:<br \/>Opetuksen, aineiston ja kahvit.<\/p>\n<p>Kursseja voi tilata tai niit\u00e4 voi tiedustella Keski-Suomen Pelastusalan Liiton toimistosta.<\/p>\n<p>\u00a0<\/p>\n<p><strong>V\u00c4EST\u00d6NSUOJAN HOITAJAKURSSI (6 h)<\/strong><\/p>\n<p>Kohderyhm\u00e4:<\/p>\n<p>V\u00e4est\u00f6nsuojan hoitamisesta vastaavat. Kiinteist\u00f6n laitteiden huollosta vastaavan on osattava huoltaa suojanlaitteet niin, ett\u00e4 ne pysyv\u00e4t k\u00e4ytt\u00f6kuntoisina.<\/p>\n<p>Tavoite:<br \/>Kurssin tavoitteena on antaa koulutettaville sellaiset tiedot ja taidot, ett\u00e4 he tuntevat p\u00e4\u00e4piirteiss\u00e4\u00e4n v\u00e4est\u00f6nsuojelun perusteet ja paikalliset j\u00e4rjestelyt, osaavat suunnitella v\u00e4est\u00f6nsuojan k\u00e4yt\u00f6n, laittaa sen k\u00e4ytt\u00f6kuntoon, huoltaa suojan laitteita sek\u00e4 johtaa ja ohjata suojassa olevien toimintaa. V\u00e4est\u00f6nsuojan hoitajan on osattava k\u00e4ytt\u00e4\u00e4 suojan laitteita ja tiedett\u00e4v\u00e4, kuinka suoja saadaan poikkeusajan mukaiseen k\u00e4ytt\u00f6\u00f6n 72 tunnissa.<\/p>\n<p>Hinta : 100\u20ac + alv. 23% alv. \/henkil\u00f6<\/p>\n<p>Sis\u00e4lt\u00e4\u00e4:<br \/>Opetuksen, aineiston ja kahvit.<\/p>\n<p>Kursseja voi tilata tai niit\u00e4 voi tiedustella Keski-Suomen Pelastusalan Liiton toimistosta.<\/p>\n<p>\u00a0<\/p>\n<p><strong>TALOYHTI\u00d6N TURVA INFO (4 h)<\/strong><\/p>\n<p>Kohderyhm\u00e4:<\/p>\n<p>Tilaisuudet on tarkoitettu yli 4 huoneiston taloyhti\u00f6n hallituksille ja taloyhti\u00f6n turvallisuusorganisaation j\u00e4senille sek\u00e4 muille talon asukkaille, jotka ovat kiinnostuneita talon turvallisuusasioista.<\/p>\n<p>Tavoite:<br \/>Antaa taloyhti\u00f6n asukkaille yleistietoa taloyhti\u00f6n turvallisuuteen liittyvist\u00e4 asioista ja antaa perusvalmiuksia kehitt\u00e4\u00e4 taloyhti\u00f6n turvallisuutta. Tilaisuuteen voidaan sis\u00e4llytt\u00e4\u00e4 esim. alkusammutusharjoitus.<\/p>\n<p>Hinta : 280 \u20ac + alv. 23% alv. \/tilaisuus<\/p>\n<p>Sis\u00e4lt\u00e4\u00e4:<br \/>Opetuksen, kurssimateriaalin ja kahvit.<\/p>\n<p>Kursseja voi tilata tai niit\u00e4 voi tiedustella Keski-Suomen Pelastusalan Liiton toimistosta.<\/p>\n<p>\u00a0<\/p>\n<p><strong>YRITYKSEN JA\/TAI LAITOKSEN TURVAKURSSI (16 h)<\/strong><\/p>\n<p>Kohderyhm\u00e4:<\/p>\n<p>Tilaisuudet on tarkoitettu yritysten ja laitosten turvallisuusorganisaation j\u00e4senille sek\u00e4 heid\u00e4n esimiehilleen.<\/p>\n<p>Tavoite:<br \/>Antaa yrityksen ja\/tai laitoksen turvallisuudesta- ja huoltot\u00f6ist\u00e4 vastaaville henkil\u00f6ille tietoa riskeist\u00e4, joita kiinteist\u00f6n toiminnat saattavat aiheuttaa,erilaisista vaaratekij\u00f6ist\u00e4 ja niihin liittyv\u00e4st\u00e4 ennaltaehk\u00e4isyst\u00e4. Antaa valmiuksia parantaa yrityksen tai laitoksen turvallisuustiet\u00e4myst\u00e4 ja -asennetta. Antaa valmiuksia ja auttaa ymm\u00e4rt\u00e4m\u00e4\u00e4n agressiivisten asiakkaiden kohtaamisia sek\u00e4 tietoa kameravalvonnasta ja siihen liittyv\u00e4st\u00e4 yksil\u00f6n suojasta.<\/p>\n<p>Tilaisuuteen voidaan sis\u00e4llytt\u00e4\u00e4 esim. alkusammutusharjoitus, ensiapukoulutusta, poistumisharjoitus jne.<\/p>\n<p>Hinta : 250 \u20ac + alv. 23% alv. \/henkil\u00f6<\/p>\n<p>Sis\u00e4lt\u00e4\u00e4:<br \/>Opetuksen, kurssimateriaalin, lounaat ja kahvit kumpanakin p\u00e4iv\u00e4n\u00e4..<\/p>\n<p>Kursseja voi tilata tai niit\u00e4 voi tiedustella Keski-Suomen Pelastusalan Liiton toimistosta.<\/p>\n<p>\u00a0<\/p>\n<p><strong>TURVALLISUUS- JA SUOJELUJOHDON PERUSKURSSI (16 h)<\/strong><\/p>\n<p>Kohderyhm\u00e4:<\/p>\n<p>Kurssi on tarkoitettu yritysten ja laitosten suojelujohtajille sek\u00e4 muiden sektoreiden turvallisuus- ja suojelujohdon avainhenkil\u00f6ille.<\/p>\n<p>Tavoite:<br \/>Kurssi antaa valmiuksia turvallisuus- ja suojelujohdolle parantaa omatoimiseen varautumiseen liittyvi\u00e4 valmiuksia.<\/p>\n<p>Koulutuksen tavoitteena on antaa koulutettaville perusteet omakohtaiselle vaaratilanteisiin varautumiselle ja perusteet toimia h\u00e4t\u00e4ensiaputoimenpiteiden j\u00e4rjest\u00e4j\u00e4n\u00e4. Koulutuksen kautta koulutettavat saatetaan ymm\u00e4rt\u00e4m\u00e4\u00e4n, ett\u00e4 turhien riskien v\u00e4ltt\u00e4minen onnettumuuksien ennaltaehk\u00e4isy kannattaa aina.<\/p>\n<p>Hinta : 250 \u20ac + alv. 23% alv. \/henkil\u00f6.<\/p>\n<p>Sis\u00e4lt\u00e4\u00e4:<\/p>\n<p>Kurssimateriaalit, lounaat ja kahvit. Lis\u00e4ksi sis\u00e4ltyv\u00e4t opetus, k\u00e4ytett\u00e4v\u00e4 materiaali ja todistus osallistumisesta koulutukseen.<\/p>\n<p>Kursseja voi tilata tai niit\u00e4 voi tiedustella Keski-Suomen Pelastusalan Liiton toimistosta.<\/p>\n<p>\u00a0<\/p>\n<p><strong>PELASTUSTOIMINNAN PERUSTEET PELASTUSKOIRAOHJAAJILLE (8 h)<\/strong><\/p>\n<p>Tavoite:<\/p>\n<p>Kurssi antaa pelastuskoiratoimintaan osallistuville tietoa pelastustoiminnan perusteista ja pelastustoimen j\u00e4rjestelyist\u00e4 Suomessa ja Keski-Suomen maakunnan alueella. Antaa yleist\u00e4 tietoa vapaaehtoisesta pelastuspalvelusta. Antaa perustietoa omatoimisesta varautumisesta, talosuojelusta ja omatoimisesta varautumisesta yrityssuojelussa. Lis\u00e4ksi kurssilla k\u00e4yd\u00e4\u00e4n l\u00e4pi s\u00e4teilysuojelua sek\u00e4 v\u00e4est\u00f6nsuojelua. Kurssi sis\u00e4lt\u00e4\u00e4 my\u00f6s alkusammutuskoulutuksen.<\/p>\n<p>Hinta : Sovitaan tapauskohtaisesti<\/p>\n<p>Sis\u00e4lt\u00e4\u00e4:<\/p>\n<p>Opetuksen, kurssimateriaalit ja kahvit.<\/p>\n<p>Kursseja voi tilata tai niit\u00e4 voi tiedustella Keski-Suomen Pelastusalan Liiton toimistosta.<\/p>\n<p>\u00a0<\/p>\n<p><strong>SUOJELUYKSIK\u00d6N JOHTAJIEN PERUSKURSSI (3-8 h)<\/strong><\/p>\n<p>Tavoite:<\/p>\n<p>Antaa perustietoa kunnan v\u00e4est\u00f6nsuojeluorganisaatiosta sek\u00e4 suojeluyksik\u00f6iden toiminnan j\u00e4rjestelyist\u00e4. Kurssilla k\u00e4sitell\u00e4\u00e4n kunnan v\u00e4est\u00f6nsuojeluj\u00e4rjestelyj\u00e4, suojeluyksik\u00f6n toimintaa, suojeluyksik\u00f6n johtajan teht\u00e4vi\u00e4 sek\u00e4 kunnan omatoimisen varautumisen perusteita.<\/p>\n<p>Hinta :Sovitaan tapauskohtaisesti<\/p>\n<p>Sis\u00e4lt\u00e4\u00e4:<br \/>Opetuksen ja kahvit.<\/p>\n<p>Tulevia kursseja:<\/p>\n<p>Kursseja voi tilata tai niit\u00e4 voi tiedustella Keski-Suomen Pelastusalan Liiton toimistosta.<\/p>\n<p><strong>KUNNAN TEKNISENTOIMEN V\u00c4EST\u00d6NSUOJELUORGANISAATIOON KUULUVIEN PEREHDYTT\u00c4MISKOULUTUS (3-8 h)<\/strong><\/p>\n<p>Tavoite:<br \/>Kurssilla perehdyt\u00e4\u00e4n kunnan rakentamis-, raivaus-, sek\u00e4 tiedusteluryhm\u00e4n toimintaan sek\u00e4 kunnan v\u00e4est\u00f6nsuojeluj\u00e4rjestelyihin.<\/p>\n<p>Hinta: Sovitaan tapauskohtaisesti<\/p>\n<p>Sis\u00e4lt\u00e4\u00e4:<br \/>Opetuksen, kurssimateriaalin, todistuksen ja kahvit.<\/p>\n<p>Kursseja voi tilata tai niit\u00e4 voi tiedustella Keski-Suomen Pelastusalan Liiton toimistosta.<\/p>\n<p>\u00a0<\/p>\n<p><strong>KUNNAN SOSIAALITOIMEN V\u00c4EST\u00d6NSUOJELUORGANISAATIOON KUULUVIEN PEREHDYTT\u00c4MISKOULUTUS (3-8 h)<\/strong><\/p>\n<p>Tavoite:<\/p>\n<p>Kurssilla perehdyt\u00e4\u00e4n kunnan huolto- ja muonitusryhm\u00e4n toimintaan, evakuointij\u00e4rjestelyihin sek\u00e4 kunnan v\u00e4est\u00f6nsuojeluj\u00e4rjestelyihin.<\/p>\n<p>Hinta: Sovitaan tapauskohtaisesti<\/p>\n<p>Sis\u00e4lt\u00e4\u00e4:<br \/>Opetuksen, kurssimateriaalin, todistuksen ja kahvit.<\/p>\n<p>Kursseja voi tilata tai niit\u00e4 voi tiedustella Keski-Suomen Pelastusalan Liiton toimistosta.<\/p>\n<\/div>\n<\/div><\/div><\/div><\/div><\/div>","protected":false},"excerpt":{"rendered":"<p>Talon turvallisuusp\u00e4\u00e4llikk\u00f6kurssiV\u00e4est\u00f6nsuojan hoitajakurssiTaloyhti\u00f6n turva infoYrityksen ja\/tai laitoksen turvakurssiTurvallisuus- ja suojelujohdon peruskurssi-kutsuPelastustoiminnan perusteet pelastuskoiraohjaajilleSuojeluyksik\u00f6n johtajien peruskurssiKunnan teknisen toimen v\u00e4est\u00f6nsuojeluorganisaatioon kuuluvien perehdytt\u00e4miskoulutusKunnan sosiaalitoimen v\u00e4est\u00f6nsuojeluorganisaatioon kuuluvien perehdytt\u00e4miskoulutus\u00a0Talon turvallisuusp\u00e4\u00e4llikk\u00f6kurssi (8 h)Kohderyhm\u00e4:Talon turvallisuusp\u00e4\u00e4llik\u00f6n kurssi on tarkoitettu yli nelj\u00e4n asunnon kiinteist\u00f6ihin valituille turvallisuusp\u00e4\u00e4llik\u00f6ille. Kurssi soveltuu my\u00f6s hyvin kiinteist\u00f6n hallitukselle, is\u00e4nn\u00f6itsij\u00e4lle sek\u00e4 kaikille niille, joille oman asumisen turvallisuuden edist\u00e4minen on t\u00e4rke\u00e4\u00e4Tavoite:Kurssilla perehdyt\u00e4\u00e4n&hellip; <\/p>\n<p class=\"toivo-read-more\"><a href=\"https:\/\/ksliitto.fi\/index.php\/koulutukset\/varautumiskoulutus\/kurssit\/\" class=\"more-link\">Lue lis\u00e4\u00e4 <span class=\"screen-reader-text\">Kurssit<\/span><\/a><\/p>\n","protected":false},"author":1,"featured_media":0,"parent":32,"menu_order":1,"comment_status":"closed","ping_status":"closed","template":"","meta":{"footnotes":""},"_links":{"self":[{"href":"https:\/\/ksliitto.fi\/index.php\/wp-json\/wp\/v2\/pages\/67"}],"collection":[{"href":"https:\/\/ksliitto.fi\/index.php\/wp-json\/wp\/v2\/pages"}],"about":[{"href":"https:\/\/ksliitto.fi\/index.php\/wp-json\/wp\/v2\/types\/page"}],"author":[{"embeddable":true,"href":"https:\/\/ksliitto.fi\/index.php\/wp-json\/wp\/v2\/users\/1"}],"replies":[{"embeddable":true,"href":"https:\/\/ksliitto.fi\/index.php\/wp-json\/wp\/v2\/comments?post=67"}],"version-history":[{"count":2,"href":"https:\/\/ksliitto.fi\/index.php\/wp-json\/wp\/v2\/pages\/67\/revisions"}],"predecessor-version":[{"id":918,"href":"https:\/\/ksliitto.fi\/index.php\/wp-json\/wp\/v2\/pages\/67\/revisions\/918"}],"up":[{"embeddable":true,"href":"https:\/\/ksliitto.fi\/index.php\/wp-json\/wp\/v2\/pages\/32"}],"wp:attachment":[{"href":"https:\/\/ksliitto.fi\/index.php\/wp-json\/wp\/v2\/media?parent=67"}],"curies":[{"name":"wp","href":"https:\/\/api.w.org\/{rel}","templated":true}]}}