{"id":55,"date":"2013-05-28T21:46:09","date_gmt":"2013-05-28T18:46:09","guid":{"rendered":"http:\/\/hallinta.seltimil.fi\/~ksliitto\/?page_id=55"},"modified":"2021-12-14T12:22:34","modified_gmt":"2021-12-14T12:22:34","slug":"valtakunnallinen-pelastusalan-koulutus","status":"publish","type":"page","link":"https:\/\/ksliitto.fi\/index.php\/valtakunnallinen-pelastusalan-koulutus\/","title":{"rendered":"Valtakunnallinen pelastusalan koulutus"},"content":{"rendered":"<h1>Pelastustoimen sopimushenkil\u00f6st\u00f6n koulutusj\u00e4rjestelm\u00e4<\/h1>\n<div class=\"wp-block-columns\">\n<div class=\"wp-block-column\">\n<p>Pelastusopisto on 1.1.2019 alkaen vastuussa pelastustoimen sopimushenkil\u00f6st\u00f6n koulutusj\u00e4rjestelm\u00e4st\u00e4. Lue viimeisimm\u00e4t kuulumiset kehitysty\u00f6n etenemisest\u00e4 sivun oikean reunan uutiskirjeist\u00e4.<\/p>\n<h2>Mit\u00e4 kuuluu Pelastusopiston vastuulle?<\/h2>\n<p>Pelastusopisto kouluttaa ja lisensoi pelastustoimen sopimushenkil\u00f6st\u00f6n miehist\u00f6- ja ryhm\u00e4njohtajatason vastaavat kouluttajat ja tuottaa kouluttajien k\u00e4ytt\u00f6\u00f6n opetusmateriaalit. Lis\u00e4ksi Pelastusopisto yll\u00e4pit\u00e4\u00e4 lisensoiduista vastaavista kouluttajista kouluttajarekisteri\u00e4. Lisenssi on voimassa kolme vuotta. Vastaavan kouluttajan osaaminen todennetaan kouluttajakoulutuksessa tai koulutusn\u00e4yt\u00f6ll\u00e4. Nykyiset kurssinjohtajat voivat toimia vastaavina kouluttajina 31.12.2021 saakka, jonka j\u00e4lkeen kaikkien kouluttajien tulee olla suorittanut Pelastusopiston kouluttajakoulutus tai koulutusn\u00e4ytt\u00f6.<\/p>\n<p>Pelastusopiston sopimushenkil\u00f6st\u00f6n opetussuunnitelmat l\u00f6yd\u00e4t alla olevan linkin kautta. Siirtym\u00e4kautta opetussuunnitelman osalta on vuoteen 2022.<\/p>\n<h2>Opetussuunnitelma<\/h2>\n<p><a href=\"https:\/\/www.pelastusopisto.fi\/koulutus\/pelastustoimen-sopimushenkilostokoulutus\/opetussuunnitelma\/\">L\u00f6yd\u00e4t Pelastusopiston sopimushenkil\u00f6st\u00f6n koulutusj\u00e4rjestelm\u00e4n opetussuunnitelman t\u00e4\u00e4lt\u00e4 \u00bb<\/a><\/p>\n<\/div>\n<\/div>\n","protected":false},"excerpt":{"rendered":"<p>Pelastustoimen sopimushenkil\u00f6st\u00f6n koulutusj\u00e4rjestelm\u00e4 Pelastusopisto on 1.1.2019 alkaen vastuussa pelastustoimen sopimushenkil\u00f6st\u00f6n koulutusj\u00e4rjestelm\u00e4st\u00e4. Lue viimeisimm\u00e4t kuulumiset kehitysty\u00f6n etenemisest\u00e4 sivun oikean reunan uutiskirjeist\u00e4. Mit\u00e4 kuuluu Pelastusopiston vastuulle? Pelastusopisto kouluttaa ja lisensoi pelastustoimen sopimushenkil\u00f6st\u00f6n miehist\u00f6- ja ryhm\u00e4njohtajatason vastaavat kouluttajat ja tuottaa kouluttajien k\u00e4ytt\u00f6\u00f6n opetusmateriaalit. Lis\u00e4ksi Pelastusopisto yll\u00e4pit\u00e4\u00e4 lisensoiduista vastaavista kouluttajista kouluttajarekisteri\u00e4. Lisenssi on voimassa kolme vuotta. Vastaavan kouluttajan osaaminen&hellip; <\/p>\n<p class=\"toivo-read-more\"><a href=\"https:\/\/ksliitto.fi\/index.php\/valtakunnallinen-pelastusalan-koulutus\/\" class=\"more-link\">Lue lis\u00e4\u00e4 <span class=\"screen-reader-text\">Valtakunnallinen pelastusalan koulutus<\/span><\/a><\/p>\n","protected":false},"author":1,"featured_media":0,"parent":0,"menu_order":3,"comment_status":"closed","ping_status":"closed","template":"","meta":{"footnotes":""},"_links":{"self":[{"href":"https:\/\/ksliitto.fi\/index.php\/wp-json\/wp\/v2\/pages\/55"}],"collection":[{"href":"https:\/\/ksliitto.fi\/index.php\/wp-json\/wp\/v2\/pages"}],"about":[{"href":"https:\/\/ksliitto.fi\/index.php\/wp-json\/wp\/v2\/types\/page"}],"author":[{"embeddable":true,"href":"https:\/\/ksliitto.fi\/index.php\/wp-json\/wp\/v2\/users\/1"}],"replies":[{"embeddable":true,"href":"https:\/\/ksliitto.fi\/index.php\/wp-json\/wp\/v2\/comments?post=55"}],"version-history":[{"count":1,"href":"https:\/\/ksliitto.fi\/index.php\/wp-json\/wp\/v2\/pages\/55\/revisions"}],"predecessor-version":[{"id":1284,"href":"https:\/\/ksliitto.fi\/index.php\/wp-json\/wp\/v2\/pages\/55\/revisions\/1284"}],"wp:attachment":[{"href":"https:\/\/ksliitto.fi\/index.php\/wp-json\/wp\/v2\/media?parent=55"}],"curies":[{"name":"wp","href":"https:\/\/api.w.org\/{rel}","templated":true}]}}