{"id":50,"date":"2013-05-28T21:44:26","date_gmt":"2013-05-28T18:44:26","guid":{"rendered":"http:\/\/hallinta.seltimil.fi\/~ksliitto\/?page_id=50"},"modified":"2021-12-14T12:15:59","modified_gmt":"2021-12-14T12:15:59","slug":"50-2","status":"publish","type":"page","link":"https:\/\/ksliitto.fi\/index.php\/koulutukset\/50-2\/","title":{"rendered":"Palokuntakurssit"},"content":{"rendered":"<p><strong>Sivutoimisen ja vapaaehtoishenkil\u00f6st\u00f6n miehist\u00f6n peruskoulutus<\/strong><\/p>\n<h1>Pelastustoimen sopimushenkil\u00f6st\u00f6n koulutusj\u00e4rjestelm\u00e4<\/h1>\n<div class=\"wp-block-columns\">\n<div class=\"wp-block-column\">\n<p>Pelastusopisto on 1.1.2019 alkaen vastuussa pelastustoimen sopimushenkil\u00f6st\u00f6n koulutusj\u00e4rjestelm\u00e4st\u00e4. Lue viimeisimm\u00e4t kuulumiset kehitysty\u00f6n etenemisest\u00e4 sivun oikean reunan uutiskirjeist\u00e4.<\/p>\n<h2>Mit\u00e4 kuuluu Pelastusopiston vastuulle?<\/h2>\n<p>Pelastusopisto kouluttaa ja lisensoi pelastustoimen sopimushenkil\u00f6st\u00f6n miehist\u00f6- ja ryhm\u00e4njohtajatason vastaavat kouluttajat ja tuottaa kouluttajien k\u00e4ytt\u00f6\u00f6n opetusmateriaalit. Lis\u00e4ksi Pelastusopisto yll\u00e4pit\u00e4\u00e4 lisensoiduista vastaavista kouluttajista kouluttajarekisteri\u00e4. Lisenssi on voimassa kolme vuotta. Vastaavan kouluttajan osaaminen todennetaan kouluttajakoulutuksessa tai koulutusn\u00e4yt\u00f6ll\u00e4. Nykyiset kurssinjohtajat voivat toimia vastaavina kouluttajina 31.12.2021 saakka, jonka j\u00e4lkeen kaikkien kouluttajien tulee olla suorittanut Pelastusopiston kouluttajakoulutus tai koulutusn\u00e4ytt\u00f6.<\/p>\n<p>Pelastusopiston sopimushenkil\u00f6st\u00f6n opetussuunnitelmat l\u00f6yd\u00e4t alla olevan linkin kautta. Siirtym\u00e4kautta opetussuunnitelman osalta on vuoteen 2022.<\/p>\n<h2>Opetussuunnitelma<\/h2>\n<p><a href=\"https:\/\/www.pelastusopisto.fi\/koulutus\/pelastustoimen-sopimushenkilostokoulutus\/opetussuunnitelma\/\">L\u00f6yd\u00e4t Pelastusopiston sopimushenkil\u00f6st\u00f6n koulutusj\u00e4rjestelm\u00e4n opetussuunnitelman t\u00e4\u00e4lt\u00e4 \u00bb<\/a><\/p>\n<\/div>\n<\/div>\n<p>&nbsp;<\/p>\n<p>&nbsp;<\/p>\n<p>&nbsp;<\/p>\n<p>&nbsp;<\/p>\n<p>&nbsp;<\/p>\n<p>&nbsp;<\/p>\n<p>&nbsp;<\/p>\n<p>&nbsp;<\/p>\n<p>&nbsp;<\/p>\n<p>&nbsp;<\/p>\n<p>Pelastusopiston sopimushenkil\u00f6st\u00f6n koulutusj\u00e4rjestelm\u00e4n vastuuhenkil\u00f6n\u00e4 toimii suunnittelija\u00a0Kirmo Savolainen.<\/p>\n<h2>Tapahtumat ja niiden aineistot<\/h2>\n<p>Sopimushenkil\u00f6st\u00f6n vastaavien kouluttajien koulutukset ja seminaarit l\u00f6ytyv\u00e4t Pelastuspiston t\u00e4ydennyskoulutuksen kurssitarjonnan kautta.\u00a0<a href=\"https:\/\/www.pelastusopisto.fi\/koulutus\/pelastustoimen-sopimushenkilostokoulutus\/tapahtumat-ja-aineistot\/#89dccb0c\">Muiden tapahtumien lis\u00e4tiedot ja aineistot \u00bb<\/a><\/p>\n<h2>Tietoa koulutuksen j\u00e4rjest\u00e4jille<\/h2>\n<p><a href=\"https:\/\/www.pelastusopisto.fi\/koulutus\/pelastustoimen-sopimushenkilostokoulutus\/tietoa-koulutuksen-jarjestajille\/#89dccb0c\">Koulutuksen j\u00e4rjest\u00e4jille suunnattu opastus \u00bb<\/a><br \/>\nP\u00e4ivit\u00e4mme sivuille tietoja my\u00f6s koulutuksen j\u00e4rjest\u00e4jille suunnatuista tiedotus- ja koulutustilaisuuksista.<\/p>\n","protected":false},"excerpt":{"rendered":"<p>Sivutoimisen ja vapaaehtoishenkil\u00f6st\u00f6n miehist\u00f6n peruskoulutus Pelastustoimen sopimushenkil\u00f6st\u00f6n koulutusj\u00e4rjestelm\u00e4 Pelastusopisto on 1.1.2019 alkaen vastuussa pelastustoimen sopimushenkil\u00f6st\u00f6n koulutusj\u00e4rjestelm\u00e4st\u00e4. Lue viimeisimm\u00e4t kuulumiset kehitysty\u00f6n etenemisest\u00e4 sivun oikean reunan uutiskirjeist\u00e4. Mit\u00e4 kuuluu Pelastusopiston vastuulle? Pelastusopisto kouluttaa ja lisensoi pelastustoimen sopimushenkil\u00f6st\u00f6n miehist\u00f6- ja ryhm\u00e4njohtajatason vastaavat kouluttajat ja tuottaa kouluttajien k\u00e4ytt\u00f6\u00f6n opetusmateriaalit. Lis\u00e4ksi Pelastusopisto yll\u00e4pit\u00e4\u00e4 lisensoiduista vastaavista kouluttajista kouluttajarekisteri\u00e4. Lisenssi on voimassa&hellip; <\/p>\n<p class=\"toivo-read-more\"><a href=\"https:\/\/ksliitto.fi\/index.php\/koulutukset\/50-2\/\" class=\"more-link\">Lue lis\u00e4\u00e4 <span class=\"screen-reader-text\">Palokuntakurssit<\/span><\/a><\/p>\n","protected":false},"author":1,"featured_media":0,"parent":27,"menu_order":2,"comment_status":"closed","ping_status":"closed","template":"","meta":{"footnotes":""},"_links":{"self":[{"href":"https:\/\/ksliitto.fi\/index.php\/wp-json\/wp\/v2\/pages\/50"}],"collection":[{"href":"https:\/\/ksliitto.fi\/index.php\/wp-json\/wp\/v2\/pages"}],"about":[{"href":"https:\/\/ksliitto.fi\/index.php\/wp-json\/wp\/v2\/types\/page"}],"author":[{"embeddable":true,"href":"https:\/\/ksliitto.fi\/index.php\/wp-json\/wp\/v2\/users\/1"}],"replies":[{"embeddable":true,"href":"https:\/\/ksliitto.fi\/index.php\/wp-json\/wp\/v2\/comments?post=50"}],"version-history":[{"count":8,"href":"https:\/\/ksliitto.fi\/index.php\/wp-json\/wp\/v2\/pages\/50\/revisions"}],"predecessor-version":[{"id":1282,"href":"https:\/\/ksliitto.fi\/index.php\/wp-json\/wp\/v2\/pages\/50\/revisions\/1282"}],"up":[{"embeddable":true,"href":"https:\/\/ksliitto.fi\/index.php\/wp-json\/wp\/v2\/pages\/27"}],"wp:attachment":[{"href":"https:\/\/ksliitto.fi\/index.php\/wp-json\/wp\/v2\/media?parent=50"}],"curies":[{"name":"wp","href":"https:\/\/api.w.org\/{rel}","templated":true}]}}