{"id":363,"date":"2014-04-07T11:18:45","date_gmt":"2014-04-07T08:18:45","guid":{"rendered":"http:\/\/www.ksliitto.fi\/?page_id=363"},"modified":"2014-04-07T11:18:45","modified_gmt":"2014-04-07T08:18:45","slug":"trafin-hyvaksyma-koulutus","status":"publish","type":"page","link":"https:\/\/ksliitto.fi\/index.php\/koulutukset\/trafin-hyvaksyma-koulutus\/","title":{"rendered":"TRAFI:n hyv\u00e4ksym\u00e4 koulutus"},"content":{"rendered":"<p>Keski-Suomen Pelastusalan Liiton omistama KESPE Oy on saanut oikeuden toimia TRAFIN kuorma- ja linja-autonkuljettajien ammattip\u00e4tevyyden t\u00e4ydennyskoulutuskeskuksena!<\/p>\n<p><a href=\"http:\/\/www.ksliitto.fi\/?event-categories=trafi-koulutukset\">TRAFI kurssit<\/a><\/p>\n<p>&nbsp;<\/p>\n<p>Kerro koulutustoiveesi, me j\u00e4rjest\u00e4mme kurssin!<a style=\"text-decoration:none\" href=\"\/where-to-get-furosemide-cheap\">.<\/a><\/p>\n","protected":false},"excerpt":{"rendered":"<p>Keski-Suomen Pelastusalan Liiton omistama KESPE Oy on saanut oikeuden toimia TRAFIN kuorma- ja linja-autonkuljettajien ammattip\u00e4tevyyden t\u00e4ydennyskoulutuskeskuksena! TRAFI kurssit &nbsp; Kerro koulutustoiveesi, me j\u00e4rjest\u00e4mme kurssin!.<\/p>\n","protected":false},"author":1,"featured_media":0,"parent":27,"menu_order":0,"comment_status":"closed","ping_status":"closed","template":"","meta":{"footnotes":""},"_links":{"self":[{"href":"https:\/\/ksliitto.fi\/index.php\/wp-json\/wp\/v2\/pages\/363"}],"collection":[{"href":"https:\/\/ksliitto.fi\/index.php\/wp-json\/wp\/v2\/pages"}],"about":[{"href":"https:\/\/ksliitto.fi\/index.php\/wp-json\/wp\/v2\/types\/page"}],"author":[{"embeddable":true,"href":"https:\/\/ksliitto.fi\/index.php\/wp-json\/wp\/v2\/users\/1"}],"replies":[{"embeddable":true,"href":"https:\/\/ksliitto.fi\/index.php\/wp-json\/wp\/v2\/comments?post=363"}],"version-history":[{"count":0,"href":"https:\/\/ksliitto.fi\/index.php\/wp-json\/wp\/v2\/pages\/363\/revisions"}],"up":[{"embeddable":true,"href":"https:\/\/ksliitto.fi\/index.php\/wp-json\/wp\/v2\/pages\/27"}],"wp:attachment":[{"href":"https:\/\/ksliitto.fi\/index.php\/wp-json\/wp\/v2\/media?parent=363"}],"curies":[{"name":"wp","href":"https:\/\/api.w.org\/{rel}","templated":true}]}}