{"id":27,"date":"2013-05-28T20:38:13","date_gmt":"2013-05-28T17:38:13","guid":{"rendered":"http:\/\/hallinta.seltimil.fi\/~ksliitto\/?page_id=27"},"modified":"2023-09-05T11:36:00","modified_gmt":"2023-09-05T11:36:00","slug":"koulutukset","status":"publish","type":"page","link":"https:\/\/ksliitto.fi\/index.php\/koulutukset\/","title":{"rendered":"Koulutukset"},"content":{"rendered":"<p>Teetk\u00f6 tulit\u00f6it\u00e4?\u00a0 \u00a0Onhan korttisi voimassa?<\/p>\n<p><span style=\"color: #800080;\"><strong>Ellei kortti ole voimassa tai sen voimassaoloaika l\u00e4henee loppuaan, tule kurssille, joka\u00a0 j\u00e4rjestet\u00e4\u00e4n\u00a0 S\u00e4yn\u00e4tsalon paloasemalla, osoitteessa Saunatie 13, S\u00e4yn\u00e4tsalo. Kurssi j\u00e4rjestet\u00e4\u00e4n heti, kun on saatu riitt\u00e4v\u00e4sti ilmoittautuneita.<\/strong><\/span><\/p>\n<p>115 eurolla saat kokop\u00e4iv\u00e4n kurssin ja yll\u00e4pidon; aamukahvi s\u00e4mpyl\u00e4n kanssa, lounas, ja iltap\u00e4iv\u00e4n pullakahvit. Tietysti teoriakoulutus ja alkusammutus- ja suojausharjoitukset.<\/p>\n<h5><strong>Ilmoittaudu kurssille tai ilmoita kurssitarpeesta:<\/strong><a href=\"mailto:toimisto@kespe.fi\">toimisto@kespe.fi<\/a><\/h5>\n<p>TERVETULOA!<\/p>\n","protected":false},"excerpt":{"rendered":"<p>Teetk\u00f6 tulit\u00f6it\u00e4?\u00a0 \u00a0Onhan korttisi voimassa? Ellei kortti ole voimassa tai sen voimassaoloaika l\u00e4henee loppuaan, tule kurssille, joka\u00a0 j\u00e4rjestet\u00e4\u00e4n\u00a0 S\u00e4yn\u00e4tsalon paloasemalla, osoitteessa Saunatie 13, S\u00e4yn\u00e4tsalo. Kurssi j\u00e4rjestet\u00e4\u00e4n heti, kun on saatu riitt\u00e4v\u00e4sti ilmoittautuneita. 115 eurolla saat kokop\u00e4iv\u00e4n kurssin ja yll\u00e4pidon; aamukahvi s\u00e4mpyl\u00e4n kanssa, lounas, ja iltap\u00e4iv\u00e4n pullakahvit. Tietysti teoriakoulutus ja alkusammutus- ja suojausharjoitukset. Ilmoittaudu kurssille tai&hellip; <\/p>\n<p class=\"toivo-read-more\"><a href=\"https:\/\/ksliitto.fi\/index.php\/koulutukset\/\" class=\"more-link\">Lue lis\u00e4\u00e4 <span class=\"screen-reader-text\">Koulutukset<\/span><\/a><\/p>\n","protected":false},"author":1,"featured_media":0,"parent":0,"menu_order":2,"comment_status":"closed","ping_status":"closed","template":"","meta":{"footnotes":""},"_links":{"self":[{"href":"https:\/\/ksliitto.fi\/index.php\/wp-json\/wp\/v2\/pages\/27"}],"collection":[{"href":"https:\/\/ksliitto.fi\/index.php\/wp-json\/wp\/v2\/pages"}],"about":[{"href":"https:\/\/ksliitto.fi\/index.php\/wp-json\/wp\/v2\/types\/page"}],"author":[{"embeddable":true,"href":"https:\/\/ksliitto.fi\/index.php\/wp-json\/wp\/v2\/users\/1"}],"replies":[{"embeddable":true,"href":"https:\/\/ksliitto.fi\/index.php\/wp-json\/wp\/v2\/comments?post=27"}],"version-history":[{"count":10,"href":"https:\/\/ksliitto.fi\/index.php\/wp-json\/wp\/v2\/pages\/27\/revisions"}],"predecessor-version":[{"id":1508,"href":"https:\/\/ksliitto.fi\/index.php\/wp-json\/wp\/v2\/pages\/27\/revisions\/1508"}],"wp:attachment":[{"href":"https:\/\/ksliitto.fi\/index.php\/wp-json\/wp\/v2\/media?parent=27"}],"curies":[{"name":"wp","href":"https:\/\/api.w.org\/{rel}","templated":true}]}}