{"id":1767,"date":"2024-10-02T16:46:25","date_gmt":"2024-10-02T16:46:25","guid":{"rendered":"https:\/\/ksliitto.fi\/?page_id=1767"},"modified":"2025-06-08T18:52:07","modified_gmt":"2025-06-08T18:52:07","slug":"veikon-malja-2025","status":"publish","type":"page","link":"https:\/\/ksliitto.fi\/index.php\/veikon-malja-2025\/","title":{"rendered":"Veikon Malja 2025"},"content":{"rendered":"<p>\u00a0<\/p>\n<p class=\"ingress\">Jyv\u00e4skyl\u00e4n Paviljonki oli Lauantaina 17.5. tapahtumapaikkana, kun j\u00e4rjestettiin Palokuntanuorten SM-kilpailut, Veikon Malja 2025. Kilpailuun osallistui noin 300 palokuntanuorta huoltajineen eri puolelta Suomea. Tietokilpailun ykk\u00f6nen oli Helsingin VPK:n joukkue ja kalustonk\u00e4sittelyss\u00e4 voiton nappasi Nousiaisten VPK.<\/p>\n<p>T\u00e4m\u00e4 oli jo 33. kerta, kun palokuntanuoret kilpailivat kalustonk\u00e4sittelytaidoissa Suomen mestaruudesta ja palokuntatietoudesta tietokilpailussa. Jyv\u00e4skyl\u00e4ss\u00e4 oli edellisen kerran j\u00e4rjestetty Veikon Malja vuonna 2011, Viitaniemess\u00e4. T\u00e4ll\u00e4 kertaa kilpailualueeksi valikoitiin Jyv\u00e4skyl\u00e4n Paviljonki sen hyv\u00e4n sijainni ja n\u00e4kyvyyden vuoksi. Kilpailujen j\u00e4rjestelyist\u00e4 vastasi Keski-Suomen Pelastusalan Liitto yhdess\u00e4 Suomen Pelastusalan Keskusj\u00e4rjest\u00f6n kanssa.\u00a0<\/p>\n<p>Kalustonk\u00e4sittelykilpailuun osallistui 35 kuuden hengen joukkuetta sek\u00e4 nelj\u00e4 kilpailun ulkopuolista nollajoukkuetta eri puolelta Suomea. Tietokilpailuun osallistui 24 joukkuetta. Kilpailujen teemoina t\u00e4n\u00e4 vuonna olivat palokuntanuorten perustaidot ja vaaralliset aineet.\u00a0<\/p>\n<p>Alla viel\u00e4 Niko Aran kommentti kilpailusta, taisi se sitten menn\u00e4 hyvin.<\/p>\n<p>\u2013 Kiitos kaikille kilpailujen toimihenkil\u00f6ille ja kilpailua tukeneille tahoille. Kiitos my\u00f6s Keski-Suomen pelastuslaitokselle vahvasta tuesta sek\u00e4\u00a0kilpailupaikasta messu- ja tapahtumakeskus Paviljongille. Sijainti oli hyv\u00e4 ja j\u00e4rjestelyt toimivat kisap\u00e4iv\u00e4n\u00e4 jouhevasti, palokuntien harrastustoiminnan kehitt\u00e4misp\u00e4\u00e4llikk\u00f6 Niko Ara Suomen Pelastusalan Keskusj\u00e4rjest\u00f6st\u00e4 kiittelee.\u00a0<\/p>\n<p>Kilpailuamme tukivat:<\/p>\n<p><img decoding=\"async\" loading=\"lazy\" class=\"alignnone  wp-image-1848\" src=\"http:\/\/ksliitto.fi\/wp-content\/uploads\/2025\/06\/Sponsorit-300x136.jpg\" alt=\"\" width=\"728\" height=\"330\" srcset=\"https:\/\/ksliitto.fi\/wp-content\/uploads\/2025\/06\/Sponsorit-300x136.jpg 300w, https:\/\/ksliitto.fi\/wp-content\/uploads\/2025\/06\/Sponsorit-1024x463.jpg 1024w, https:\/\/ksliitto.fi\/wp-content\/uploads\/2025\/06\/Sponsorit-768x347.jpg 768w, https:\/\/ksliitto.fi\/wp-content\/uploads\/2025\/06\/Sponsorit-1260x570.jpg 1260w, https:\/\/ksliitto.fi\/wp-content\/uploads\/2025\/06\/Sponsorit.jpg 1473w\" sizes=\"(max-width: 728px) 100vw, 728px\" \/><\/p>\n<p><a style=\"font-size: revert;\" href=\"https:\/\/www.palokuntaan.fi\/resources\/public\/\/Tiedostot\/Nuorisotoiminta\/Kilpailut\/palokuntanuorten_sm-tietokilpailun_saannot_2021.pdf\" target=\"_blank\" rel=\"noopener\">Tietokilpailun s\u00e4\u00e4nn\u00f6t<\/a><\/p>\n<p><a href=\"https:\/\/www.palokuntaan.fi\/resources\/public\/\/Tiedostot\/Nuorisotoiminta\/Kilpailut\/palokuntanuorten_kalustokasittelyn_suomenmestaruuskilpailu_saannot_2021.pdf\" target=\"_blank\" rel=\"noopener\">Veikon Maljan s\u00e4\u00e4nn\u00f6t<\/a><\/p>\n<p><a href=\"https:\/\/www.palokuntaan.fi\/resources\/public\/\/Tiedostot\/Palokuntanuorten%20SM-kilpailujen%20j%C3%A4rjest%C3%A4misaikataulu.pdf\" target=\"_blank\" rel=\"noopener\">Palokuntanuorten valtakunnallisten kilpailujen j\u00e4rjest\u00e4misaikataulu<\/a><\/p>\n\n\n<div class=\"wp-block-group is-layout-constrained wp-block-group-is-layout-constrained\"><div class=\"wp-block-group__inner-container\">\n<figure class=\"wp-block-gallery has-nested-images columns-default wp-block-gallery-1 is-layout-flex wp-block-gallery-is-layout-flex\">\n<figure class=\"wp-block-image size-large\"><img decoding=\"async\" loading=\"lazy\" width=\"1024\" height=\"683\" src=\"https:\/\/ksliitto.fi\/wp-content\/uploads\/2025\/06\/IMG_0455.jpg\" alt=\"\" class=\"wp-image-1869\" srcset=\"https:\/\/ksliitto.fi\/wp-content\/uploads\/2025\/06\/IMG_0455.jpg 1024w, https:\/\/ksliitto.fi\/wp-content\/uploads\/2025\/06\/IMG_0455-300x200.jpg 300w, https:\/\/ksliitto.fi\/wp-content\/uploads\/2025\/06\/IMG_0455-768x512.jpg 768w, https:\/\/ksliitto.fi\/wp-content\/uploads\/2025\/06\/IMG_0455-272x182.jpg 272w\" sizes=\"(max-width: 1024px) 100vw, 1024px\" \/><\/figure>\n\n\n\n<figure class=\"wp-block-image size-large\"><img decoding=\"async\" loading=\"lazy\" width=\"1024\" height=\"566\" src=\"https:\/\/ksliitto.fi\/wp-content\/uploads\/2025\/06\/IMG_0012_1-2-1024x566.jpg\" alt=\"\" class=\"wp-image-1852\" srcset=\"https:\/\/ksliitto.fi\/wp-content\/uploads\/2025\/06\/IMG_0012_1-2-1024x566.jpg 1024w, https:\/\/ksliitto.fi\/wp-content\/uploads\/2025\/06\/IMG_0012_1-2-300x166.jpg 300w, https:\/\/ksliitto.fi\/wp-content\/uploads\/2025\/06\/IMG_0012_1-2-768x425.jpg 768w, https:\/\/ksliitto.fi\/wp-content\/uploads\/2025\/06\/IMG_0012_1-2-1260x697.jpg 1260w, https:\/\/ksliitto.fi\/wp-content\/uploads\/2025\/06\/IMG_0012_1-2.jpg 1376w\" sizes=\"(max-width: 1024px) 100vw, 1024px\" \/><\/figure>\n\n\n\n<figure class=\"wp-block-image size-large\"><img decoding=\"async\" loading=\"lazy\" width=\"1024\" height=\"683\" src=\"https:\/\/ksliitto.fi\/wp-content\/uploads\/2025\/06\/IMG_0067-1-1024x683.jpg\" alt=\"\" class=\"wp-image-1853\" srcset=\"https:\/\/ksliitto.fi\/wp-content\/uploads\/2025\/06\/IMG_0067-1-1024x683.jpg 1024w, https:\/\/ksliitto.fi\/wp-content\/uploads\/2025\/06\/IMG_0067-1-300x200.jpg 300w, https:\/\/ksliitto.fi\/wp-content\/uploads\/2025\/06\/IMG_0067-1-768x512.jpg 768w, https:\/\/ksliitto.fi\/wp-content\/uploads\/2025\/06\/IMG_0067-1-1536x1024.jpg 1536w, https:\/\/ksliitto.fi\/wp-content\/uploads\/2025\/06\/IMG_0067-1-1260x840.jpg 1260w, https:\/\/ksliitto.fi\/wp-content\/uploads\/2025\/06\/IMG_0067-1-272x182.jpg 272w, https:\/\/ksliitto.fi\/wp-content\/uploads\/2025\/06\/IMG_0067-1.jpg 2048w\" sizes=\"(max-width: 1024px) 100vw, 1024px\" \/><\/figure>\n\n\n\n<figure class=\"wp-block-image size-large\"><img decoding=\"async\" loading=\"lazy\" width=\"1024\" height=\"683\" src=\"https:\/\/ksliitto.fi\/wp-content\/uploads\/2025\/06\/IMG_0031-1024x683.jpg\" alt=\"\" class=\"wp-image-1854\" srcset=\"https:\/\/ksliitto.fi\/wp-content\/uploads\/2025\/06\/IMG_0031-1024x683.jpg 1024w, https:\/\/ksliitto.fi\/wp-content\/uploads\/2025\/06\/IMG_0031-300x200.jpg 300w, https:\/\/ksliitto.fi\/wp-content\/uploads\/2025\/06\/IMG_0031-768x512.jpg 768w, https:\/\/ksliitto.fi\/wp-content\/uploads\/2025\/06\/IMG_0031-1536x1024.jpg 1536w, https:\/\/ksliitto.fi\/wp-content\/uploads\/2025\/06\/IMG_0031-1260x840.jpg 1260w, https:\/\/ksliitto.fi\/wp-content\/uploads\/2025\/06\/IMG_0031-272x182.jpg 272w, https:\/\/ksliitto.fi\/wp-content\/uploads\/2025\/06\/IMG_0031.jpg 2048w\" sizes=\"(max-width: 1024px) 100vw, 1024px\" \/><\/figure>\n\n\n\n<figure class=\"wp-block-image size-large\"><img decoding=\"async\" loading=\"lazy\" width=\"683\" height=\"1024\" src=\"https:\/\/ksliitto.fi\/wp-content\/uploads\/2025\/06\/IMG_0102-683x1024.jpg\" alt=\"\" class=\"wp-image-1855\" srcset=\"https:\/\/ksliitto.fi\/wp-content\/uploads\/2025\/06\/IMG_0102-683x1024.jpg 683w, https:\/\/ksliitto.fi\/wp-content\/uploads\/2025\/06\/IMG_0102-200x300.jpg 200w, https:\/\/ksliitto.fi\/wp-content\/uploads\/2025\/06\/IMG_0102-768x1152.jpg 768w, https:\/\/ksliitto.fi\/wp-content\/uploads\/2025\/06\/IMG_0102.jpg 1024w\" sizes=\"(max-width: 683px) 100vw, 683px\" \/><\/figure>\n\n\n\n<figure class=\"wp-block-image size-large\"><img decoding=\"async\" loading=\"lazy\" width=\"1024\" height=\"683\" src=\"https:\/\/ksliitto.fi\/wp-content\/uploads\/2025\/06\/IMG_0105-1024x683.jpg\" alt=\"\" class=\"wp-image-1856\" srcset=\"https:\/\/ksliitto.fi\/wp-content\/uploads\/2025\/06\/IMG_0105-1024x683.jpg 1024w, https:\/\/ksliitto.fi\/wp-content\/uploads\/2025\/06\/IMG_0105-300x200.jpg 300w, https:\/\/ksliitto.fi\/wp-content\/uploads\/2025\/06\/IMG_0105-768x512.jpg 768w, https:\/\/ksliitto.fi\/wp-content\/uploads\/2025\/06\/IMG_0105-1536x1024.jpg 1536w, https:\/\/ksliitto.fi\/wp-content\/uploads\/2025\/06\/IMG_0105-1260x840.jpg 1260w, https:\/\/ksliitto.fi\/wp-content\/uploads\/2025\/06\/IMG_0105-272x182.jpg 272w, https:\/\/ksliitto.fi\/wp-content\/uploads\/2025\/06\/IMG_0105.jpg 2048w\" sizes=\"(max-width: 1024px) 100vw, 1024px\" \/><\/figure>\n\n\n\n<figure class=\"wp-block-image size-large\"><img decoding=\"async\" loading=\"lazy\" width=\"1024\" height=\"683\" src=\"https:\/\/ksliitto.fi\/wp-content\/uploads\/2025\/06\/IMG_0226-1024x683.jpg\" alt=\"\" class=\"wp-image-1857\" srcset=\"https:\/\/ksliitto.fi\/wp-content\/uploads\/2025\/06\/IMG_0226-1024x683.jpg 1024w, https:\/\/ksliitto.fi\/wp-content\/uploads\/2025\/06\/IMG_0226-300x200.jpg 300w, https:\/\/ksliitto.fi\/wp-content\/uploads\/2025\/06\/IMG_0226-768x512.jpg 768w, https:\/\/ksliitto.fi\/wp-content\/uploads\/2025\/06\/IMG_0226-1536x1024.jpg 1536w, https:\/\/ksliitto.fi\/wp-content\/uploads\/2025\/06\/IMG_0226-1260x840.jpg 1260w, https:\/\/ksliitto.fi\/wp-content\/uploads\/2025\/06\/IMG_0226-272x182.jpg 272w, https:\/\/ksliitto.fi\/wp-content\/uploads\/2025\/06\/IMG_0226.jpg 2048w\" sizes=\"(max-width: 1024px) 100vw, 1024px\" \/><\/figure>\n\n\n\n<figure class=\"wp-block-image size-large\"><img decoding=\"async\" loading=\"lazy\" width=\"1024\" height=\"683\" src=\"https:\/\/ksliitto.fi\/wp-content\/uploads\/2025\/06\/IMG_0447.jpg\" alt=\"\" class=\"wp-image-1868\" srcset=\"https:\/\/ksliitto.fi\/wp-content\/uploads\/2025\/06\/IMG_0447.jpg 1024w, https:\/\/ksliitto.fi\/wp-content\/uploads\/2025\/06\/IMG_0447-300x200.jpg 300w, https:\/\/ksliitto.fi\/wp-content\/uploads\/2025\/06\/IMG_0447-768x512.jpg 768w, https:\/\/ksliitto.fi\/wp-content\/uploads\/2025\/06\/IMG_0447-272x182.jpg 272w\" sizes=\"(max-width: 1024px) 100vw, 1024px\" \/><\/figure>\n\n\n\n<figure class=\"wp-block-image size-large\"><img decoding=\"async\" loading=\"lazy\" width=\"1024\" height=\"683\" src=\"https:\/\/ksliitto.fi\/wp-content\/uploads\/2025\/06\/IMG_0426.jpg\" alt=\"\" class=\"wp-image-1867\" srcset=\"https:\/\/ksliitto.fi\/wp-content\/uploads\/2025\/06\/IMG_0426.jpg 1024w, https:\/\/ksliitto.fi\/wp-content\/uploads\/2025\/06\/IMG_0426-300x200.jpg 300w, https:\/\/ksliitto.fi\/wp-content\/uploads\/2025\/06\/IMG_0426-768x512.jpg 768w, https:\/\/ksliitto.fi\/wp-content\/uploads\/2025\/06\/IMG_0426-272x182.jpg 272w\" sizes=\"(max-width: 1024px) 100vw, 1024px\" \/><\/figure>\n\n\n\n<figure class=\"wp-block-image size-large\"><img decoding=\"async\" loading=\"lazy\" width=\"512\" height=\"768\" src=\"https:\/\/ksliitto.fi\/wp-content\/uploads\/2025\/06\/IMG_0351-kopio.jpg\" alt=\"\" class=\"wp-image-1866\" srcset=\"https:\/\/ksliitto.fi\/wp-content\/uploads\/2025\/06\/IMG_0351-kopio.jpg 512w, https:\/\/ksliitto.fi\/wp-content\/uploads\/2025\/06\/IMG_0351-kopio-200x300.jpg 200w\" sizes=\"(max-width: 512px) 100vw, 512px\" \/><\/figure>\n\n\n\n<figure class=\"wp-block-image size-large\"><img decoding=\"async\" loading=\"lazy\" width=\"1024\" height=\"683\" src=\"https:\/\/ksliitto.fi\/wp-content\/uploads\/2025\/06\/IMG_0315.jpg\" alt=\"\" class=\"wp-image-1865\" srcset=\"https:\/\/ksliitto.fi\/wp-content\/uploads\/2025\/06\/IMG_0315.jpg 1024w, https:\/\/ksliitto.fi\/wp-content\/uploads\/2025\/06\/IMG_0315-300x200.jpg 300w, https:\/\/ksliitto.fi\/wp-content\/uploads\/2025\/06\/IMG_0315-768x512.jpg 768w, https:\/\/ksliitto.fi\/wp-content\/uploads\/2025\/06\/IMG_0315-272x182.jpg 272w\" sizes=\"(max-width: 1024px) 100vw, 1024px\" \/><\/figure>\n\n\n\n<figure class=\"wp-block-image size-large\"><img decoding=\"async\" loading=\"lazy\" width=\"1024\" height=\"683\" src=\"https:\/\/ksliitto.fi\/wp-content\/uploads\/2025\/06\/IMG_0434-1.jpg\" alt=\"\" class=\"wp-image-1864\" srcset=\"https:\/\/ksliitto.fi\/wp-content\/uploads\/2025\/06\/IMG_0434-1.jpg 1024w, https:\/\/ksliitto.fi\/wp-content\/uploads\/2025\/06\/IMG_0434-1-300x200.jpg 300w, https:\/\/ksliitto.fi\/wp-content\/uploads\/2025\/06\/IMG_0434-1-768x512.jpg 768w, https:\/\/ksliitto.fi\/wp-content\/uploads\/2025\/06\/IMG_0434-1-272x182.jpg 272w\" sizes=\"(max-width: 1024px) 100vw, 1024px\" \/><\/figure>\n\n\n\n<figure class=\"wp-block-image size-large\"><img decoding=\"async\" loading=\"lazy\" width=\"1024\" height=\"683\" src=\"https:\/\/ksliitto.fi\/wp-content\/uploads\/2025\/06\/IMG_0395_1.jpg\" alt=\"\" class=\"wp-image-1863\" srcset=\"https:\/\/ksliitto.fi\/wp-content\/uploads\/2025\/06\/IMG_0395_1.jpg 1024w, https:\/\/ksliitto.fi\/wp-content\/uploads\/2025\/06\/IMG_0395_1-300x200.jpg 300w, https:\/\/ksliitto.fi\/wp-content\/uploads\/2025\/06\/IMG_0395_1-768x512.jpg 768w, https:\/\/ksliitto.fi\/wp-content\/uploads\/2025\/06\/IMG_0395_1-272x182.jpg 272w\" sizes=\"(max-width: 1024px) 100vw, 1024px\" \/><\/figure>\n\n\n\n<figure class=\"wp-block-image size-large\"><img decoding=\"async\" loading=\"lazy\" width=\"1024\" height=\"683\" src=\"https:\/\/ksliitto.fi\/wp-content\/uploads\/2025\/06\/IMG_0336.jpg\" alt=\"\" class=\"wp-image-1862\" srcset=\"https:\/\/ksliitto.fi\/wp-content\/uploads\/2025\/06\/IMG_0336.jpg 1024w, https:\/\/ksliitto.fi\/wp-content\/uploads\/2025\/06\/IMG_0336-300x200.jpg 300w, https:\/\/ksliitto.fi\/wp-content\/uploads\/2025\/06\/IMG_0336-768x512.jpg 768w, https:\/\/ksliitto.fi\/wp-content\/uploads\/2025\/06\/IMG_0336-272x182.jpg 272w\" sizes=\"(max-width: 1024px) 100vw, 1024px\" \/><\/figure>\n\n\n\n<figure class=\"wp-block-image size-large\"><img decoding=\"async\" loading=\"lazy\" width=\"1024\" height=\"683\" src=\"https:\/\/ksliitto.fi\/wp-content\/uploads\/2025\/06\/IMG_0113-1024x683.jpg\" alt=\"\" class=\"wp-image-1861\" srcset=\"https:\/\/ksliitto.fi\/wp-content\/uploads\/2025\/06\/IMG_0113-1024x683.jpg 1024w, https:\/\/ksliitto.fi\/wp-content\/uploads\/2025\/06\/IMG_0113-300x200.jpg 300w, https:\/\/ksliitto.fi\/wp-content\/uploads\/2025\/06\/IMG_0113-768x512.jpg 768w, https:\/\/ksliitto.fi\/wp-content\/uploads\/2025\/06\/IMG_0113-1536x1024.jpg 1536w, https:\/\/ksliitto.fi\/wp-content\/uploads\/2025\/06\/IMG_0113-1260x840.jpg 1260w, https:\/\/ksliitto.fi\/wp-content\/uploads\/2025\/06\/IMG_0113-272x182.jpg 272w, https:\/\/ksliitto.fi\/wp-content\/uploads\/2025\/06\/IMG_0113.jpg 2048w\" sizes=\"(max-width: 1024px) 100vw, 1024px\" \/><\/figure>\n\n\n\n<figure class=\"wp-block-image size-large\"><img decoding=\"async\" loading=\"lazy\" width=\"1024\" height=\"683\" src=\"https:\/\/ksliitto.fi\/wp-content\/uploads\/2025\/06\/IMG_0434-1024x683.jpg\" alt=\"\" class=\"wp-image-1860\" srcset=\"https:\/\/ksliitto.fi\/wp-content\/uploads\/2025\/06\/IMG_0434-1024x683.jpg 1024w, https:\/\/ksliitto.fi\/wp-content\/uploads\/2025\/06\/IMG_0434-300x200.jpg 300w, https:\/\/ksliitto.fi\/wp-content\/uploads\/2025\/06\/IMG_0434-768x512.jpg 768w, https:\/\/ksliitto.fi\/wp-content\/uploads\/2025\/06\/IMG_0434-1536x1024.jpg 1536w, https:\/\/ksliitto.fi\/wp-content\/uploads\/2025\/06\/IMG_0434-1260x840.jpg 1260w, https:\/\/ksliitto.fi\/wp-content\/uploads\/2025\/06\/IMG_0434-272x182.jpg 272w, https:\/\/ksliitto.fi\/wp-content\/uploads\/2025\/06\/IMG_0434.jpg 2048w\" sizes=\"(max-width: 1024px) 100vw, 1024px\" \/><\/figure>\n\n\n\n<figure class=\"wp-block-image size-large\"><img decoding=\"async\" loading=\"lazy\" width=\"682\" height=\"1024\" src=\"https:\/\/ksliitto.fi\/wp-content\/uploads\/2025\/06\/IMG_0397-682x1024.jpg\" alt=\"\" class=\"wp-image-1859\" srcset=\"https:\/\/ksliitto.fi\/wp-content\/uploads\/2025\/06\/IMG_0397-682x1024.jpg 682w, https:\/\/ksliitto.fi\/wp-content\/uploads\/2025\/06\/IMG_0397-200x300.jpg 200w, https:\/\/ksliitto.fi\/wp-content\/uploads\/2025\/06\/IMG_0397.jpg 759w\" sizes=\"(max-width: 682px) 100vw, 682px\" \/><\/figure>\n\n\n\n<figure class=\"wp-block-image size-large\"><img decoding=\"async\" loading=\"lazy\" width=\"683\" height=\"1024\" src=\"https:\/\/ksliitto.fi\/wp-content\/uploads\/2025\/06\/IMG_0396-683x1024.jpg\" alt=\"\" class=\"wp-image-1858\" srcset=\"https:\/\/ksliitto.fi\/wp-content\/uploads\/2025\/06\/IMG_0396-683x1024.jpg 683w, https:\/\/ksliitto.fi\/wp-content\/uploads\/2025\/06\/IMG_0396-200x300.jpg 200w, https:\/\/ksliitto.fi\/wp-content\/uploads\/2025\/06\/IMG_0396-768x1152.jpg 768w, https:\/\/ksliitto.fi\/wp-content\/uploads\/2025\/06\/IMG_0396.jpg 961w\" sizes=\"(max-width: 683px) 100vw, 683px\" \/><\/figure>\n<\/figure>\n<\/div><\/div>\n","protected":false},"excerpt":{"rendered":"<p>\u00a0 Jyv\u00e4skyl\u00e4n Paviljonki oli Lauantaina 17.5. tapahtumapaikkana, kun j\u00e4rjestettiin Palokuntanuorten SM-kilpailut, Veikon Malja 2025. Kilpailuun osallistui noin 300 palokuntanuorta huoltajineen eri puolelta Suomea. Tietokilpailun ykk\u00f6nen oli Helsingin VPK:n joukkue ja kalustonk\u00e4sittelyss\u00e4 voiton nappasi Nousiaisten VPK. T\u00e4m\u00e4 oli jo 33. kerta, kun palokuntanuoret kilpailivat kalustonk\u00e4sittelytaidoissa Suomen mestaruudesta ja palokuntatietoudesta tietokilpailussa. Jyv\u00e4skyl\u00e4ss\u00e4 oli edellisen kerran j\u00e4rjestetty Veikon&hellip; <\/p>\n<p class=\"toivo-read-more\"><a href=\"https:\/\/ksliitto.fi\/index.php\/veikon-malja-2025\/\" class=\"more-link\">Lue lis\u00e4\u00e4 <span class=\"screen-reader-text\">Veikon Malja 2025<\/span><\/a><\/p>\n","protected":false},"author":1,"featured_media":0,"parent":0,"menu_order":0,"comment_status":"closed","ping_status":"closed","template":"","meta":{"footnotes":""},"_links":{"self":[{"href":"https:\/\/ksliitto.fi\/index.php\/wp-json\/wp\/v2\/pages\/1767"}],"collection":[{"href":"https:\/\/ksliitto.fi\/index.php\/wp-json\/wp\/v2\/pages"}],"about":[{"href":"https:\/\/ksliitto.fi\/index.php\/wp-json\/wp\/v2\/types\/page"}],"author":[{"embeddable":true,"href":"https:\/\/ksliitto.fi\/index.php\/wp-json\/wp\/v2\/users\/1"}],"replies":[{"embeddable":true,"href":"https:\/\/ksliitto.fi\/index.php\/wp-json\/wp\/v2\/comments?post=1767"}],"version-history":[{"count":9,"href":"https:\/\/ksliitto.fi\/index.php\/wp-json\/wp\/v2\/pages\/1767\/revisions"}],"predecessor-version":[{"id":1870,"href":"https:\/\/ksliitto.fi\/index.php\/wp-json\/wp\/v2\/pages\/1767\/revisions\/1870"}],"wp:attachment":[{"href":"https:\/\/ksliitto.fi\/index.php\/wp-json\/wp\/v2\/media?parent=1767"}],"curies":[{"name":"wp","href":"https:\/\/api.w.org\/{rel}","templated":true}]}}