{"id":1529,"date":"2023-09-13T10:05:25","date_gmt":"2023-09-13T10:05:25","guid":{"rendered":"https:\/\/ksliitto.fi\/?page_id=1529"},"modified":"2023-09-13T10:05:26","modified_gmt":"2023-09-13T10:05:26","slug":"haka","status":"publish","type":"page","link":"https:\/\/ksliitto.fi\/index.php\/haka\/","title":{"rendered":"HAKA"},"content":{"rendered":"\n<p>HAKAAN voi kirjata kaikenlaisen palokunnan toiminnan . HAKASSA voi ilmoittautua niille kursseille, joita on HAKAN avulla avattu hakuun. Palokunnan toimintatilastot tulevat l\u00e4hes itsest\u00e4\u00e4n, kunhan vain toiminta on sinne kirjattu. HAKAN kautta voi l\u00e4hett\u00e4\u00e4 s\u00e4hk\u00f6posteja, ja paljon muuta&#8230;<\/p>\n\n\n\n<figure class=\"wp-block-image size-large\"><img decoding=\"async\" loading=\"lazy\" width=\"709\" height=\"1024\" src=\"http:\/\/ksliitto.fi\/wp-content\/uploads\/2023\/09\/HAKA_mainos-709x1024.png\" alt=\"\" class=\"wp-image-1530\" srcset=\"https:\/\/ksliitto.fi\/wp-content\/uploads\/2023\/09\/HAKA_mainos-709x1024.png 709w, https:\/\/ksliitto.fi\/wp-content\/uploads\/2023\/09\/HAKA_mainos-208x300.png 208w, https:\/\/ksliitto.fi\/wp-content\/uploads\/2023\/09\/HAKA_mainos.png 720w\" sizes=\"(max-width: 709px) 100vw, 709px\" \/><\/figure>\n","protected":false},"excerpt":{"rendered":"<p>HAKAAN voi kirjata kaikenlaisen palokunnan toiminnan . HAKASSA voi ilmoittautua niille kursseille, joita on HAKAN avulla avattu hakuun. Palokunnan toimintatilastot tulevat l\u00e4hes itsest\u00e4\u00e4n, kunhan vain toiminta on sinne kirjattu. HAKAN kautta voi l\u00e4hett\u00e4\u00e4 s\u00e4hk\u00f6posteja, ja paljon muuta&#8230;<\/p>\n","protected":false},"author":2,"featured_media":0,"parent":0,"menu_order":0,"comment_status":"closed","ping_status":"closed","template":"","meta":{"footnotes":""},"_links":{"self":[{"href":"https:\/\/ksliitto.fi\/index.php\/wp-json\/wp\/v2\/pages\/1529"}],"collection":[{"href":"https:\/\/ksliitto.fi\/index.php\/wp-json\/wp\/v2\/pages"}],"about":[{"href":"https:\/\/ksliitto.fi\/index.php\/wp-json\/wp\/v2\/types\/page"}],"author":[{"embeddable":true,"href":"https:\/\/ksliitto.fi\/index.php\/wp-json\/wp\/v2\/users\/2"}],"replies":[{"embeddable":true,"href":"https:\/\/ksliitto.fi\/index.php\/wp-json\/wp\/v2\/comments?post=1529"}],"version-history":[{"count":1,"href":"https:\/\/ksliitto.fi\/index.php\/wp-json\/wp\/v2\/pages\/1529\/revisions"}],"predecessor-version":[{"id":1532,"href":"https:\/\/ksliitto.fi\/index.php\/wp-json\/wp\/v2\/pages\/1529\/revisions\/1532"}],"wp:attachment":[{"href":"https:\/\/ksliitto.fi\/index.php\/wp-json\/wp\/v2\/media?parent=1529"}],"curies":[{"name":"wp","href":"https:\/\/api.w.org\/{rel}","templated":true}]}}