{"id":12,"date":"2013-05-28T20:30:54","date_gmt":"2013-05-28T17:30:54","guid":{"rendered":"http:\/\/hallinta.seltimil.fi\/~ksliitto\/?page_id=12"},"modified":"2025-01-08T11:21:07","modified_gmt":"2025-01-08T11:21:07","slug":"yhteystiedot","status":"publish","type":"page","link":"https:\/\/ksliitto.fi\/index.php\/liitto\/yhteystiedot\/","title":{"rendered":"Yhteystiedot"},"content":{"rendered":"<p style=\"text-align: center;\">Saunatie 13<br \/>\n40900 S\u00c4YN\u00c4TSALO<br \/>\n<a href=\"mailto:toimisto@ksliitto.fi\">toimisto@ksliitto.fi<\/a><\/p>\n<p style=\"text-align: center;\"><b>Toiminnanjohtaja Minna H\u00e4m\u00e4l\u00e4inen<\/b><br \/>\n(0500) 641 489<br \/>\n<a href=\"mailto:jari.wilen@ksliitto.fi\">minna.hamalainen@ksliitto.fi<\/a><\/p>\n<p style=\"text-align: center;\"><b>Toimistosihteeri Annika Saarikoski<\/b><br \/>\n(050) 358 1824<br \/>\n<a href=\"mailto:minna.hamalainen@ksliitto.fi\">annika.saarikoski@ksliitto.fi<\/a><\/p>\n","protected":false},"excerpt":{"rendered":"<p>Saunatie 13 40900 S\u00c4YN\u00c4TSALO toimisto@ksliitto.fi Toiminnanjohtaja Minna H\u00e4m\u00e4l\u00e4inen (0500) 641 489 minna.hamalainen@ksliitto.fi Toimistosihteeri Annika Saarikoski (050) 358 1824 annika.saarikoski@ksliitto.fi<\/p>\n","protected":false},"author":1,"featured_media":0,"parent":10,"menu_order":1,"comment_status":"closed","ping_status":"closed","template":"","meta":{"footnotes":""},"_links":{"self":[{"href":"https:\/\/ksliitto.fi\/index.php\/wp-json\/wp\/v2\/pages\/12"}],"collection":[{"href":"https:\/\/ksliitto.fi\/index.php\/wp-json\/wp\/v2\/pages"}],"about":[{"href":"https:\/\/ksliitto.fi\/index.php\/wp-json\/wp\/v2\/types\/page"}],"author":[{"embeddable":true,"href":"https:\/\/ksliitto.fi\/index.php\/wp-json\/wp\/v2\/users\/1"}],"replies":[{"embeddable":true,"href":"https:\/\/ksliitto.fi\/index.php\/wp-json\/wp\/v2\/comments?post=12"}],"version-history":[{"count":8,"href":"https:\/\/ksliitto.fi\/index.php\/wp-json\/wp\/v2\/pages\/12\/revisions"}],"predecessor-version":[{"id":1792,"href":"https:\/\/ksliitto.fi\/index.php\/wp-json\/wp\/v2\/pages\/12\/revisions\/1792"}],"up":[{"embeddable":true,"href":"https:\/\/ksliitto.fi\/index.php\/wp-json\/wp\/v2\/pages\/10"}],"wp:attachment":[{"href":"https:\/\/ksliitto.fi\/index.php\/wp-json\/wp\/v2\/media?parent=12"}],"curies":[{"name":"wp","href":"https:\/\/api.w.org\/{rel}","templated":true}]}}