{"id":96,"date":"2013-05-28T22:06:26","date_gmt":"2013-05-28T19:06:26","guid":{"rendered":"http:\/\/hallinta.seltimil.fi\/~ksliitto\/?page_id=96"},"modified":"2016-08-19T10:40:52","modified_gmt":"2016-08-19T10:40:52","slug":"palokuntanaiset","status":"publish","type":"page","link":"http:\/\/ksliitto.fi\/index.php\/jarjestotoiminta\/palokuntanaiset\/","title":{"rendered":"Palokuntanaiset"},"content":{"rendered":"<p><strong>Yhteyshenkil\u00f6n\u00e4 toimii alueen\u00a0koulutusohjaaja.<\/strong><\/p>\n<p><strong>PALOKUNTANAISTY\u00d6N OPINTO- JA NEUVOTTELUP\u00c4IV\u00c4T<\/strong><\/p>\n<p>Palokuntanaisosastojen johtajat, varajohtajat ja muuten asiasta kiinnostuneet.<\/p>\n<p>Aika: ilmoitetaan erikseen<br \/>\nPaikka: ilmoitetaan erikseen<br \/>\nOpinto- ja neuvottelup\u00e4ivist\u00e4 l\u00e4hetet\u00e4\u00e4n erillinen kutsu.<\/p>\n<p><strong>TUTUSTUMISMATKA<\/strong><\/p>\n<p>Palokuntanaisosastojen johtajat, varajohtajat ja muuten asiasta kiinnostuneet.<\/p>\n<p>Aika: ilmoitetaan erikseen<br \/>\nTutustumismatkasta l\u00e4hetet\u00e4\u00e4n erillinen kutsu.<\/p>\n<p><strong>L\u00c4HIMM\u00c4ISAPUKURSSI\u00a0<\/strong><\/p>\n<p>Aika: ilmoitetaan erikseen<\/p>\n<p>Paikka: ilmoitetaan erikseen<br \/>\nHakuaika: ilmoitetaan erikseen<\/p>\n","protected":false},"excerpt":{"rendered":"<p>Yhteyshenkil\u00f6n\u00e4 toimii alueen\u00a0koulutusohjaaja. PALOKUNTANAISTY\u00d6N OPINTO- JA NEUVOTTELUP\u00c4IV\u00c4T Palokuntanaisosastojen johtajat, varajohtajat ja muuten asiasta kiinnostuneet. Aika: ilmoitetaan erikseen Paikka: ilmoitetaan erikseen Opinto- ja neuvottelup\u00e4ivist\u00e4 l\u00e4hetet\u00e4\u00e4n erillinen kutsu. TUTUSTUMISMATKA Palokuntanaisosastojen johtajat, varajohtajat ja muuten asiasta kiinnostuneet. Aika: ilmoitetaan erikseen Tutustumismatkasta l\u00e4hetet\u00e4\u00e4n erillinen kutsu. L\u00c4HIMM\u00c4ISAPUKURSSI\u00a0 Aika: ilmoitetaan erikseen Paikka: ilmoitetaan erikseen Hakuaika: ilmoitetaan erikseen<\/p>\n","protected":false},"author":1,"featured_media":0,"parent":92,"menu_order":2,"comment_status":"closed","ping_status":"closed","template":"","meta":{"footnotes":""},"_links":{"self":[{"href":"http:\/\/ksliitto.fi\/index.php\/wp-json\/wp\/v2\/pages\/96"}],"collection":[{"href":"http:\/\/ksliitto.fi\/index.php\/wp-json\/wp\/v2\/pages"}],"about":[{"href":"http:\/\/ksliitto.fi\/index.php\/wp-json\/wp\/v2\/types\/page"}],"author":[{"embeddable":true,"href":"http:\/\/ksliitto.fi\/index.php\/wp-json\/wp\/v2\/users\/1"}],"replies":[{"embeddable":true,"href":"http:\/\/ksliitto.fi\/index.php\/wp-json\/wp\/v2\/comments?post=96"}],"version-history":[{"count":1,"href":"http:\/\/ksliitto.fi\/index.php\/wp-json\/wp\/v2\/pages\/96\/revisions"}],"predecessor-version":[{"id":929,"href":"http:\/\/ksliitto.fi\/index.php\/wp-json\/wp\/v2\/pages\/96\/revisions\/929"}],"up":[{"embeddable":true,"href":"http:\/\/ksliitto.fi\/index.php\/wp-json\/wp\/v2\/pages\/92"}],"wp:attachment":[{"href":"http:\/\/ksliitto.fi\/index.php\/wp-json\/wp\/v2\/media?parent=96"}],"curies":[{"name":"wp","href":"https:\/\/api.w.org\/{rel}","templated":true}]}}