{"id":94,"date":"2013-05-28T22:04:58","date_gmt":"2013-05-28T19:04:58","guid":{"rendered":"http:\/\/hallinta.seltimil.fi\/~ksliitto\/?page_id=94"},"modified":"2016-08-19T10:41:10","modified_gmt":"2016-08-19T10:41:10","slug":"palokuntanuoret","status":"publish","type":"page","link":"http:\/\/ksliitto.fi\/index.php\/jarjestotoiminta\/palokuntanuoret\/","title":{"rendered":"Palokuntanuoret"},"content":{"rendered":"<p><strong>Palokuntanuorten tapahtumat 2016\u00a0<\/strong><\/p>\n<p>17.9. Tulimalja<br \/>\n29-30.10. Valtakunnalliset opintop\u00e4iv\u00e4t Lahdessa<br \/>\n15.10 Alueelliset opintop\u00e4iv\u00e4t JKL<\/p>\n<p><strong>Alustavat tapahtumat 2017<\/strong><\/p>\n<p>Tammikuu-Helmikuu: Kipin\u00e4 bandy<br \/>\nMaaliskuu: Valtakunnalliset opintop\u00e4iv\u00e4t<br \/>\nHuhtikuu: JunnuRace, Veikonmalja<br \/>\nToukokuu: Alueelliset opintop\u00e4iv\u00e4t<br \/>\nHein\u00e4kuu: Kes\u00e4leiri<br \/>\nSyyskuu: Tulimalja<br \/>\nLokakuu: Valtakunnalliset opintop\u00e4iv\u00e4t<br \/>\nMarraskuu: Alueelliset opintop\u00e4iv\u00e4t<\/p>\n<p><strong>Yhteyshenkil\u00f6t:\u00a0<\/strong><\/p>\n<p>Nuorisoty\u00f6nohjaaja:<br \/>\nElina Tirkkonen, Korpilahden VPK<br \/>\n050 5958220<br \/>\n<a href=\"mailto:nuoriso@kslitto.fi\" target=\"_blank\">nuoriso@kslitto.fi<\/a><\/p>\n<p>VaraHenkil\u00f6:<br \/>\nTuomo Kalmari, Jyv\u00e4skyl\u00e4n VPK<br \/>\n050 5958220<br \/>\n<a href=\"mailto:nuoriso@kslitto.fi\" target=\"_blank\">nuoriso@kslitto.fi<\/a><\/p>\n<p><strong>Yleist\u00e4 tietoa<\/strong><\/p>\n<p>Palokunta nuoriso-osastoja on suomessa 455 (SPEK toimintatilasto 2013). Palokuntanuorille j\u00e4rjestettiin vuonna 2013 kaiken kaikkiaan 8919 viikkoharjoitusta joiden osallistuja m\u00e4\u00e4r\u00e4t hipoivat 93 400.<\/p>\n<p>Palokuntanuoria on 6 960 ja heid\u00e4n ohjaajia 1 675. (SPEK toimintatilasto 2013, otos 341\/445 os.)<\/p>\n<p><strong>Palokuntanuorisotoiminta<\/strong><\/p>\n<p>Palokuntanuorisotoiminta on suunnattu 7-17- vuotiaille lapsille ja nuorille. Nuoriso-osastossa toimiva nuori saa harrastuksestaan valmiudet ja taidot arkiel\u00e4m\u00e4n yll\u00e4tt\u00e4viin tilanteisiin. P\u00e4\u00e4asiassa harjoitukset tapahtuvat viikotttain, yksi- kaksi tuntia kerrallaan. Harjoituksissa opitaan palomiestaitoja sek\u00e4 yleishy\u00f6dyllisi\u00e4 taitoja esimerkiksi alkusammutusta ja ensiapua.<\/p>\n<p>Nuorisotoiminassa vuosittain osallistutaan palokuntaleirille, jolla suoritetaan palokuntanuorten koulutusj\u00e4rjestelm\u00e4n kursseja. T\u00e4h\u00e4n asti on j\u00e4rjestetty, joka nelj\u00e4s vuosi valtakunnallinen leiri omien pienleirien lis\u00e4ksi, jonka j\u00e4senm\u00e4\u00e4r\u00e4 hipoo 3500 leiril\u00e4ist\u00e4. Omien alueleirien vahvuus on py\u00f6rinyt 100 leiril\u00e4isen otoksella.<\/p>\n<p>Viikkoharjoitukset valmistelevat nuorta tarpeellisesten taitojen lis\u00e4ksi my\u00f6s kilpailuihin. Merkitt\u00e4vin kilpailu on joka vuotinen palokuntanuorten suomenmestaruuskilpailu, Veikon malja. Kilpailuun osallistuu vuosittain noin 200 nuorta ymp\u00e4ri Suomen.<\/p>\n<p>Palokuntanuorisoty\u00f6n tarkoituksena on tukea palokuntien toimintaa. Sen avulla turvataan palokuntaty\u00f6n jakuvuus ja annetaan my\u00f6nteist\u00e4 vaikutusta palokuntatoiminnasta.<\/p>\n<p>Palokuntanuorisoty\u00f6ss\u00e4 on arvot, joita jokainen palokuntalaisen noudattaa. Palokuntanuoren pit\u00e4 arvostaa ja huomioida toisia, jossa v\u00e4littyy ty\u00f6n tasapuolisuus ja v\u00e4litt\u00e4minen. Uskallus toimia erilaisissa tilanteissa ja taidot, jotka palokuntaty\u00f6 antaa, kertoo turvallisuudesta ja vastuusta. Palokuntanuoren tulee olla luottamuksen arvoinen ja vastuuntuntoinen.<\/p>\n<p><strong>Palokuntanuorisoty\u00f6ss\u00e4 on monia tavoitteita, jotka toteutuvat joka p\u00e4iv\u00e4. Kasvatuksellisina tavoittaina on tukea nuorten kehittymist\u00e4 itsen\u00e4isiki,itseens\u00e4 luottaviksi ja yhteisty\u00f6h\u00e4n pystyviksi. Koulutuksellisina tavoitteina on tukea nuoren valmiutta toimia itsen\u00e4isesti, oikein ja turvallisesti monissa erilaisissa tilanteissa. Ihmishengen pelastaminen on erityisen\u00e4 painopisteen\u00e4. Tavoitteet valistuneisudesta her\u00e4tt\u00e4\u00e4 sek\u00e4 edist\u00e4\u00e4 my\u00f6nteist\u00e4 asennoitumista turvallisuuden edist\u00e4miseen ja huolehtimiseen.<\/strong><\/p>\n","protected":false},"excerpt":{"rendered":"<p>Palokuntanuorten tapahtumat 2016\u00a0 17.9. Tulimalja 29-30.10. Valtakunnalliset opintop\u00e4iv\u00e4t Lahdessa 15.10 Alueelliset opintop\u00e4iv\u00e4t JKL Alustavat tapahtumat 2017 Tammikuu-Helmikuu: Kipin\u00e4 bandy Maaliskuu: Valtakunnalliset opintop\u00e4iv\u00e4t Huhtikuu: JunnuRace, Veikonmalja Toukokuu: Alueelliset opintop\u00e4iv\u00e4t Hein\u00e4kuu: Kes\u00e4leiri Syyskuu: Tulimalja Lokakuu: Valtakunnalliset opintop\u00e4iv\u00e4t Marraskuu: Alueelliset opintop\u00e4iv\u00e4t Yhteyshenkil\u00f6t:\u00a0 Nuorisoty\u00f6nohjaaja: Elina Tirkkonen, Korpilahden VPK 050 5958220 nuoriso@kslitto.fi VaraHenkil\u00f6: Tuomo Kalmari, Jyv\u00e4skyl\u00e4n VPK 050 5958220 nuoriso@kslitto.fi&hellip; <\/p>\n<p class=\"toivo-read-more\"><a href=\"http:\/\/ksliitto.fi\/index.php\/jarjestotoiminta\/palokuntanuoret\/\" class=\"more-link\">Lue lis\u00e4\u00e4 <span class=\"screen-reader-text\">Palokuntanuoret<\/span><\/a><\/p>\n","protected":false},"author":1,"featured_media":0,"parent":92,"menu_order":1,"comment_status":"closed","ping_status":"closed","template":"","meta":{"footnotes":""},"_links":{"self":[{"href":"http:\/\/ksliitto.fi\/index.php\/wp-json\/wp\/v2\/pages\/94"}],"collection":[{"href":"http:\/\/ksliitto.fi\/index.php\/wp-json\/wp\/v2\/pages"}],"about":[{"href":"http:\/\/ksliitto.fi\/index.php\/wp-json\/wp\/v2\/types\/page"}],"author":[{"embeddable":true,"href":"http:\/\/ksliitto.fi\/index.php\/wp-json\/wp\/v2\/users\/1"}],"replies":[{"embeddable":true,"href":"http:\/\/ksliitto.fi\/index.php\/wp-json\/wp\/v2\/comments?post=94"}],"version-history":[{"count":4,"href":"http:\/\/ksliitto.fi\/index.php\/wp-json\/wp\/v2\/pages\/94\/revisions"}],"predecessor-version":[{"id":930,"href":"http:\/\/ksliitto.fi\/index.php\/wp-json\/wp\/v2\/pages\/94\/revisions\/930"}],"up":[{"embeddable":true,"href":"http:\/\/ksliitto.fi\/index.php\/wp-json\/wp\/v2\/pages\/92"}],"wp:attachment":[{"href":"http:\/\/ksliitto.fi\/index.php\/wp-json\/wp\/v2\/media?parent=94"}],"curies":[{"name":"wp","href":"https:\/\/api.w.org\/{rel}","templated":true}]}}