{"id":76,"date":"2013-05-28T21:59:10","date_gmt":"2013-05-28T18:59:10","guid":{"rendered":"http:\/\/hallinta.seltimil.fi\/~ksliitto\/?page_id=76"},"modified":"2016-08-19T10:37:50","modified_gmt":"2016-08-19T10:37:50","slug":"ohjeita-erilaisiin-tilanteisiin","status":"publish","type":"page","link":"http:\/\/ksliitto.fi\/index.php\/turvatietoa\/ohjeita-erilaisiin-tilanteisiin\/","title":{"rendered":"Ohjeita erilaisiin tilanteisiin"},"content":{"rendered":"<p><b><a href=\"http:\/\/www.varaudu.info\/opas\/Etusivu\">Varaudu.info<\/a> sivustolta l\u00f6ytyy ohjeita onnettomuuksiin ja h\u00e4iri\u00f6ihin, tapaturmien ehk\u00e4isemiseen, paloturvallisuuteen, rikosten ja ilkivaallan est\u00e4miseen, terveyteen ja hyvinvointiin sek\u00e4 liikenneturvallisuuteen liittyen.\u00a0<\/b><\/p>\n<p><b>\u00a0<\/b><\/p>\n<p><strong>Yrityksille<\/strong><\/p>\n<p><b>Teemme my\u00f6s yrityksellesi kohdekohtaiset toimintaohjeet erilaisten onnettomuustilanteiden varalle.<br \/>\n<\/b><\/p>\n<p><b>Esim.<\/b><\/p>\n<ul>\n<li>h\u00e4t\u00e4ilmoitus<\/li>\n<li>toiminta tulipalotilanteessa<\/li>\n<li>sairaskohtaus tai tapaturma<\/li>\n<li>ruokamyrkytys<\/li>\n<li>uhkaavan henkil\u00f6n kohtaaminen<\/li>\n<li>varkaus\/ry\u00f6st\u00f6\/murto<\/li>\n<li>vesivahinko<\/li>\n<li>kiinteist\u00f6n huolto- ja vikailmoitukset<\/li>\n<li>yleinen vaaramerkki<\/li>\n<li>s\u00e4teilyvaara<\/li>\n<li>v\u00e4est\u00f6nsuojaan suojautuminen<\/li>\n<li>ym\u2026<\/li>\n<\/ul>\n<p>Toimintaohjeita erilaisiin onnettomuuksiin voi tilata\u00a0<span style=\"color: #000000; font-size: small;\"><a href=\"mailto:toimisto@ksliitto.fi\">toimisto@ksliitto.fi<\/a><\/span><\/p>\n","protected":false},"excerpt":{"rendered":"<p>Varaudu.info sivustolta l\u00f6ytyy ohjeita onnettomuuksiin ja h\u00e4iri\u00f6ihin, tapaturmien ehk\u00e4isemiseen, paloturvallisuuteen, rikosten ja ilkivaallan est\u00e4miseen, terveyteen ja hyvinvointiin sek\u00e4 liikenneturvallisuuteen liittyen.\u00a0 \u00a0 Yrityksille Teemme my\u00f6s yrityksellesi kohdekohtaiset toimintaohjeet erilaisten onnettomuustilanteiden varalle. Esim. h\u00e4t\u00e4ilmoitus toiminta tulipalotilanteessa sairaskohtaus tai tapaturma ruokamyrkytys uhkaavan henkil\u00f6n kohtaaminen varkaus\/ry\u00f6st\u00f6\/murto vesivahinko kiinteist\u00f6n huolto- ja vikailmoitukset yleinen vaaramerkki s\u00e4teilyvaara v\u00e4est\u00f6nsuojaan suojautuminen ym\u2026 Toimintaohjeita erilaisiin&hellip; <\/p>\n<p class=\"toivo-read-more\"><a href=\"http:\/\/ksliitto.fi\/index.php\/turvatietoa\/ohjeita-erilaisiin-tilanteisiin\/\" class=\"more-link\">Lue lis\u00e4\u00e4 <span class=\"screen-reader-text\">Ohjeita erilaisiin tilanteisiin<\/span><\/a><\/p>\n","protected":false},"author":1,"featured_media":0,"parent":73,"menu_order":1,"comment_status":"closed","ping_status":"closed","template":"","meta":{"footnotes":""},"_links":{"self":[{"href":"http:\/\/ksliitto.fi\/index.php\/wp-json\/wp\/v2\/pages\/76"}],"collection":[{"href":"http:\/\/ksliitto.fi\/index.php\/wp-json\/wp\/v2\/pages"}],"about":[{"href":"http:\/\/ksliitto.fi\/index.php\/wp-json\/wp\/v2\/types\/page"}],"author":[{"embeddable":true,"href":"http:\/\/ksliitto.fi\/index.php\/wp-json\/wp\/v2\/users\/1"}],"replies":[{"embeddable":true,"href":"http:\/\/ksliitto.fi\/index.php\/wp-json\/wp\/v2\/comments?post=76"}],"version-history":[{"count":1,"href":"http:\/\/ksliitto.fi\/index.php\/wp-json\/wp\/v2\/pages\/76\/revisions"}],"predecessor-version":[{"id":924,"href":"http:\/\/ksliitto.fi\/index.php\/wp-json\/wp\/v2\/pages\/76\/revisions\/924"}],"up":[{"embeddable":true,"href":"http:\/\/ksliitto.fi\/index.php\/wp-json\/wp\/v2\/pages\/73"}],"wp:attachment":[{"href":"http:\/\/ksliitto.fi\/index.php\/wp-json\/wp\/v2\/media?parent=76"}],"curies":[{"name":"wp","href":"https:\/\/api.w.org\/{rel}","templated":true}]}}