{"id":17,"date":"2013-05-28T20:32:07","date_gmt":"2013-05-28T17:32:07","guid":{"rendered":"http:\/\/hallinta.seltimil.fi\/~ksliitto\/?page_id=17"},"modified":"2025-01-08T11:25:00","modified_gmt":"2025-01-08T11:25:00","slug":"jasenet-2","status":"publish","type":"page","link":"http:\/\/ksliitto.fi\/index.php\/liitto\/jasenet-2\/","title":{"rendered":"J\u00e4senet"},"content":{"rendered":"<div id=\"pl-17\"  class=\"panel-layout\" ><div id=\"pg-17-0\"  class=\"panel-grid panel-no-style\" ><div id=\"pgc-17-0-0\"  class=\"panel-grid-cell\" ><div id=\"panel-17-0-0-0\" class=\"so-panel widget widget_sow-editor panel-first-child panel-last-child\" data-index=\"0\" ><div\n\t\t\t\n\t\t\tclass=\"so-widget-sow-editor so-widget-sow-editor-base\"\n\t\t\t\n\t\t>\n<div class=\"siteorigin-widget-tinymce textwidget\">\n\t<p><strong>TPK- j\u00e4senet<\/strong><\/p>\n<p><strong>Kuntaj\u00e4senet<\/strong><\/p>\n<ul>\n<li>Kinnula<\/li>\n<li>Toivakka<\/li>\n<\/ul>\n<p><strong>Muut j\u00e4senet<\/strong><\/p>\n<ul>\n<li>Hankasalmen palomiehet ry<\/li>\n<li>Keski-Suomen Sopimuspalokunnat ry<\/li>\n<li>Konneveden palomiehet ry<\/li>\n<li>Muuramen palohenkil\u00f6st\u00f6 ry<\/li>\n<\/ul>\n<p><strong>Teollisuus- ja liikelaitosj\u00e4senet<\/strong><\/p>\n<ul>\n<li>Oy Panda Ab<\/li>\n<li>Valmet Technologies Oy Jyv\u00e4skyl\u00e4<\/li>\n<li>UPM-Kymmene, J\u00e4ms\u00e4nkoski<\/li>\n<li>J\u00e4ms\u00e4n Paintball Oy<\/li>\n<li>LKS Energiat Oy<\/li>\n<\/ul>\n<\/div>\n<\/div><\/div><\/div><div id=\"pgc-17-0-1\"  class=\"panel-grid-cell\" ><div id=\"panel-17-0-1-0\" class=\"so-panel widget widget_sow-editor panel-first-child panel-last-child\" data-index=\"1\" ><div\n\t\t\t\n\t\t\tclass=\"so-widget-sow-editor so-widget-sow-editor-base\"\n\t\t\t\n\t\t>\n<div class=\"siteorigin-widget-tinymce textwidget\">\n\t<p><strong>VPK- j\u00e4senet<\/strong><\/p>\n<ul>\n<li>Haapam\u00e4en VPK<\/li>\n<li>Jyv\u00e4skyl\u00e4n VPK<\/li>\n<li>J\u00e4ms\u00e4n VPK<\/li>\n<li>J\u00e4ms\u00e4nkosken VPK<\/li>\n<li>Keuruun VPK<\/li>\n<li>Kolhon VPK<\/li>\n<li>Konginkankaan VPK<\/li>\n<li>Korpilahden VPK<\/li>\n<li>Koskenp\u00e4\u00e4n VPK<\/li>\n<li>Kuoreveden VPK<\/li>\n<li>Leivonm\u00e4en VPK<\/li>\n<li>Lepp\u00e4lahden VPK<\/li>\n<li>M\u00e4nt\u00e4n VPK<\/li>\n<li>Pihlajaveden VPK<\/li>\n<li>Rautpohjan VPK<\/li>\n<li>S\u00e4yn\u00e4tsalon VPK<\/li>\n<li>Uuraisten VPK<\/li>\n<li>Vaajakosken VPK<\/li>\n<li>\u00c4\u00e4nekosken VPK<\/li>\n<li>Saarij\u00e4rven palokuntanaiset<\/li>\n<li>\u00c4\u00e4nekosken palokuntanaiset<\/li>\n<\/ul>\n<\/div>\n<\/div><\/div><\/div><\/div><div id=\"pg-17-1\"  class=\"panel-grid panel-no-style\" ><div id=\"pgc-17-1-0\"  class=\"panel-grid-cell\" ><div id=\"panel-17-1-0-0\" class=\"so-panel widget widget_sow-editor panel-first-child panel-last-child\" data-index=\"2\" ><div\n\t\t\t\n\t\t\tclass=\"so-widget-sow-editor so-widget-sow-editor-base\"\n\t\t\t\n\t\t>\n<div class=\"siteorigin-widget-tinymce textwidget\">\n\t<p><strong>Vuosimaksut<\/strong><\/p>\n<p><strong>J\u00e4senmaksut<\/strong><\/p>\n<ul>\n<li>yhdistysj\u00e4senmaksu 35 \u20ac<\/li>\n<li>yritysj\u00e4senmaksu 85 \u20ac<\/li>\n<li>kunnan j\u00e4senmaksu 150 \u20ac<\/li>\n<li>kaupungin j\u00e4senmaksu 300 \u20ac<\/li>\n<\/ul>\n<p><strong>Kannatusj\u00e4senmaksut<\/strong><\/p>\n<ul>\n<li>henkil\u00f6kannatusj\u00e4sen 50 \u20ac<\/li>\n<li>yhdistyskannatusj\u00e4sen 100 \u20ac<\/li>\n<li>yrityskannatusj\u00e4sen 300 \u20ac<\/li>\n<li>kuntakannatusj\u00e4sen 300 \u20ac<\/li>\n<li>kaupunkikannatusj\u00e4sen 1000 \u20ac<\/li>\n<\/ul>\n<h4><big>Tue keskisuomalaista turvallisuusty\u00f6t\u00e4 liittym\u00e4ll\u00e4 j\u00e4seneksi tai kannatusj\u00e4seneksi!\u00a0<\/big><\/h4>\n<p>\u00a0<\/p>\n<p>\u00a0<\/p>\n<p><strong>Hallituksen kokoukset<\/strong><\/p>\n<p>6 - 8 kertaa vuodessa, joista l\u00e4hetet\u00e4\u00e4n erillinen kutsu.<\/p>\n<p><strong>Kev\u00e4tkokous<\/strong><\/p>\n<p>maalis - huhtikuu, erillinen kutsu l\u00e4hetet\u00e4\u00e4n j\u00e4senille.<\/p>\n<p><strong>Syyskokous<\/strong><\/p>\n<p>marras - joulukuu, erillinen kutsu l\u00e4hetet\u00e4\u00e4n j\u00e4senille.<\/p>\n<\/div>\n<\/div><\/div><\/div><\/div><\/div>","protected":false},"excerpt":{"rendered":"<p>TPK- j\u00e4senet Kuntaj\u00e4senet Kinnula Toivakka Muut j\u00e4senet Hankasalmen palomiehet ry Keski-Suomen Sopimuspalokunnat ry Konneveden palomiehet ry Muuramen palohenkil\u00f6st\u00f6 ry Teollisuus- ja liikelaitosj\u00e4senet Oy Panda Ab Valmet Technologies Oy Jyv\u00e4skyl\u00e4 UPM-Kymmene, J\u00e4ms\u00e4nkoski J\u00e4ms\u00e4n Paintball Oy LKS Energiat Oy VPK- j\u00e4senet Haapam\u00e4en VPK Jyv\u00e4skyl\u00e4n VPK J\u00e4ms\u00e4n VPK J\u00e4ms\u00e4nkosken VPK Keuruun VPK Kolhon VPK Konginkankaan VPK Korpilahden VPK&hellip; <\/p>\n<p class=\"toivo-read-more\"><a href=\"http:\/\/ksliitto.fi\/index.php\/liitto\/jasenet-2\/\" class=\"more-link\">Lue lis\u00e4\u00e4 <span class=\"screen-reader-text\">J\u00e4senet<\/span><\/a><\/p>\n","protected":false},"author":1,"featured_media":0,"parent":10,"menu_order":2,"comment_status":"closed","ping_status":"closed","template":"","meta":{"footnotes":""},"_links":{"self":[{"href":"http:\/\/ksliitto.fi\/index.php\/wp-json\/wp\/v2\/pages\/17"}],"collection":[{"href":"http:\/\/ksliitto.fi\/index.php\/wp-json\/wp\/v2\/pages"}],"about":[{"href":"http:\/\/ksliitto.fi\/index.php\/wp-json\/wp\/v2\/types\/page"}],"author":[{"embeddable":true,"href":"http:\/\/ksliitto.fi\/index.php\/wp-json\/wp\/v2\/users\/1"}],"replies":[{"embeddable":true,"href":"http:\/\/ksliitto.fi\/index.php\/wp-json\/wp\/v2\/comments?post=17"}],"version-history":[{"count":5,"href":"http:\/\/ksliitto.fi\/index.php\/wp-json\/wp\/v2\/pages\/17\/revisions"}],"predecessor-version":[{"id":1793,"href":"http:\/\/ksliitto.fi\/index.php\/wp-json\/wp\/v2\/pages\/17\/revisions\/1793"}],"up":[{"embeddable":true,"href":"http:\/\/ksliitto.fi\/index.php\/wp-json\/wp\/v2\/pages\/10"}],"wp:attachment":[{"href":"http:\/\/ksliitto.fi\/index.php\/wp-json\/wp\/v2\/media?parent=17"}],"curies":[{"name":"wp","href":"https:\/\/api.w.org\/{rel}","templated":true}]}}