{"id":1079,"date":"2020-09-22T11:49:24","date_gmt":"2020-09-22T11:49:24","guid":{"rendered":"http:\/\/ksliitto.fi\/?page_id=1079"},"modified":"2023-10-17T11:07:25","modified_gmt":"2023-10-17T11:07:25","slug":"huomionosoitukset","status":"publish","type":"page","link":"http:\/\/ksliitto.fi\/index.php\/huomionosoitukset\/","title":{"rendered":"Huomionosoitukset"},"content":{"rendered":"<p>Keski-Suomen Pelastusalan Liitto voi my\u00f6nt\u00e4\u00e4 ansiomitalin ja\/tai 1.luokan ansiomitalin.<\/p>\n<p>Arvokkaammat ansiomerkit (ansioristit) my\u00f6nt\u00e4\u00e4 SPEK hallitus. Ansioristej\u00e4 haettaessa on tutustuttava tarkkaan niiden my\u00f6nt\u00e4misperusteisiin. Hakemukset osoitetaan Keski-Suomen Pelastusalaln Liiton hallitukselle, joka l\u00e4hett\u00e4\u00e4 hakemukset oman puoltolausekkeensa kanssa SPEK:n hallitukselle k\u00e4sitelt\u00e4v\u00e4ksi. SPEK hallitus k\u00e4sittelee hakemuksiat kaksi kertaa vuodessa.<\/p>\n<p>Ohessa linkki ansiomerkki-tietoihin SPEK:n sivuilla.\u00a0<span style=\"font-size: 1.125rem;\">Saman linkin takaa l\u00f6ytyy my\u00f6s hakemuslomake.<\/span><\/p>\n<p><a href=\"_wp_link_placeholder\" data-wplink-edit=\"true\">https:\/\/www.spek.fi\/spek\/ansiomerkit\/<\/a><\/p>\n\n\n<figure class=\"wp-block-image size-full\"><img decoding=\"async\" loading=\"lazy\" width=\"622\" height=\"705\" src=\"http:\/\/ksliitto.fi\/wp-content\/uploads\/2023\/10\/Ansiomitalit_ja_ristit.png\" alt=\"\" class=\"wp-image-1563\" srcset=\"http:\/\/ksliitto.fi\/wp-content\/uploads\/2023\/10\/Ansiomitalit_ja_ristit.png 622w, http:\/\/ksliitto.fi\/wp-content\/uploads\/2023\/10\/Ansiomitalit_ja_ristit-265x300.png 265w\" sizes=\"(max-width: 622px) 100vw, 622px\" \/><\/figure>\n","protected":false},"excerpt":{"rendered":"<p>Keski-Suomen Pelastusalan Liitto voi my\u00f6nt\u00e4\u00e4 ansiomitalin ja\/tai 1.luokan ansiomitalin. Arvokkaammat ansiomerkit (ansioristit) my\u00f6nt\u00e4\u00e4 SPEK hallitus. Ansioristej\u00e4 haettaessa on tutustuttava tarkkaan niiden my\u00f6nt\u00e4misperusteisiin. Hakemukset osoitetaan Keski-Suomen Pelastusalaln Liiton hallitukselle, joka l\u00e4hett\u00e4\u00e4 hakemukset oman puoltolausekkeensa kanssa SPEK:n hallitukselle k\u00e4sitelt\u00e4v\u00e4ksi. SPEK hallitus k\u00e4sittelee hakemuksiat kaksi kertaa vuodessa. Ohessa linkki ansiomerkki-tietoihin SPEK:n sivuilla.\u00a0Saman linkin takaa l\u00f6ytyy my\u00f6s hakemuslomake. https:\/\/www.spek.fi\/spek\/ansiomerkit\/<\/p>\n","protected":false},"author":1,"featured_media":0,"parent":0,"menu_order":0,"comment_status":"closed","ping_status":"closed","template":"","meta":{"footnotes":""},"_links":{"self":[{"href":"http:\/\/ksliitto.fi\/index.php\/wp-json\/wp\/v2\/pages\/1079"}],"collection":[{"href":"http:\/\/ksliitto.fi\/index.php\/wp-json\/wp\/v2\/pages"}],"about":[{"href":"http:\/\/ksliitto.fi\/index.php\/wp-json\/wp\/v2\/types\/page"}],"author":[{"embeddable":true,"href":"http:\/\/ksliitto.fi\/index.php\/wp-json\/wp\/v2\/users\/1"}],"replies":[{"embeddable":true,"href":"http:\/\/ksliitto.fi\/index.php\/wp-json\/wp\/v2\/comments?post=1079"}],"version-history":[{"count":3,"href":"http:\/\/ksliitto.fi\/index.php\/wp-json\/wp\/v2\/pages\/1079\/revisions"}],"predecessor-version":[{"id":1565,"href":"http:\/\/ksliitto.fi\/index.php\/wp-json\/wp\/v2\/pages\/1079\/revisions\/1565"}],"wp:attachment":[{"href":"http:\/\/ksliitto.fi\/index.php\/wp-json\/wp\/v2\/media?parent=1079"}],"curies":[{"name":"wp","href":"https:\/\/api.w.org\/{rel}","templated":true}]}}