{"id":106,"date":"2013-05-28T22:11:10","date_gmt":"2013-05-28T19:11:10","guid":{"rendered":"http:\/\/hallinta.seltimil.fi\/~ksliitto\/?page_id=106"},"modified":"2016-08-19T10:47:22","modified_gmt":"2016-08-19T10:47:22","slug":"kespe","status":"publish","type":"page","link":"http:\/\/ksliitto.fi\/index.php\/kespe\/","title":{"rendered":"KESPE OY"},"content":{"rendered":"<p>KESPE OY on Keski-Suomen Pelastusalan Liitto ry:n omistama pelastus- ja turvallisuuskoulutukseen sek\u00e4 pelastussuunnitteluun ja -konsultointiin erikoistunut yhti\u00f6. Olemme Keski-Suomen maakunnan johtava pelastusturvallisuuskoulutusta tarjoava yritys.<\/p>\n<p>Tarjoamme palvelukokonaisuuksia, jotka vastaavat asiakkaan tarpeita. Tavoitteenamme on tuottaa erinomaista pelastusturvallisuuteen liittyv\u00e4\u00e4 koulutusta ja konsultointia. Palvelua kehitet\u00e4\u00e4n jatkuvasti alan uusinta tietoutta, uusimpia k\u00e4yt\u00e4nt\u00f6j\u00e4 ja asiakkailta saatua palautetta hy\u00f6dynt\u00e4en.<\/p>\n<p>Turvallisuusasiantuntijoidemme laaja-alainen koulutus ja vuosien kokemus yhdistettyn\u00e4 hyvin toimivaan viranomaisverkostoon, antavat asiakkaillemme mahdollisuuden keskitty\u00e4 omaan ydinosaamiseensa ja tavoitteidensa toteuttamiseen. Me huolehdimme pelastusturvallisuuden toimimisesta yrityksess\u00e4 tai yhteis\u00f6ss\u00e4, suunnittelemalla, kouluttamalla ja konsultoimalla.<\/p>\n<p>Lis\u00e4tietoja KESPE OY:n <a href=\"http:\/\/www.kespe.fi\" target=\"_blank\">kotisivuilta<\/a><\/p>\n","protected":false},"excerpt":{"rendered":"<p>KESPE OY on Keski-Suomen Pelastusalan Liitto ry:n omistama pelastus- ja turvallisuuskoulutukseen sek\u00e4 pelastussuunnitteluun ja -konsultointiin erikoistunut yhti\u00f6. Olemme Keski-Suomen maakunnan johtava pelastusturvallisuuskoulutusta tarjoava yritys. Tarjoamme palvelukokonaisuuksia, jotka vastaavat asiakkaan tarpeita. Tavoitteenamme on tuottaa erinomaista pelastusturvallisuuteen liittyv\u00e4\u00e4 koulutusta ja konsultointia. Palvelua kehitet\u00e4\u00e4n jatkuvasti alan uusinta tietoutta, uusimpia k\u00e4yt\u00e4nt\u00f6j\u00e4 ja asiakkailta saatua palautetta hy\u00f6dynt\u00e4en. Turvallisuusasiantuntijoidemme laaja-alainen koulutus&hellip; <\/p>\n<p class=\"toivo-read-more\"><a href=\"http:\/\/ksliitto.fi\/index.php\/kespe\/\" class=\"more-link\">Lue lis\u00e4\u00e4 <span class=\"screen-reader-text\">KESPE OY<\/span><\/a><\/p>\n","protected":false},"author":1,"featured_media":0,"parent":0,"menu_order":6,"comment_status":"closed","ping_status":"closed","template":"","meta":{"footnotes":""},"_links":{"self":[{"href":"http:\/\/ksliitto.fi\/index.php\/wp-json\/wp\/v2\/pages\/106"}],"collection":[{"href":"http:\/\/ksliitto.fi\/index.php\/wp-json\/wp\/v2\/pages"}],"about":[{"href":"http:\/\/ksliitto.fi\/index.php\/wp-json\/wp\/v2\/types\/page"}],"author":[{"embeddable":true,"href":"http:\/\/ksliitto.fi\/index.php\/wp-json\/wp\/v2\/users\/1"}],"replies":[{"embeddable":true,"href":"http:\/\/ksliitto.fi\/index.php\/wp-json\/wp\/v2\/comments?post=106"}],"version-history":[{"count":1,"href":"http:\/\/ksliitto.fi\/index.php\/wp-json\/wp\/v2\/pages\/106\/revisions"}],"predecessor-version":[{"id":936,"href":"http:\/\/ksliitto.fi\/index.php\/wp-json\/wp\/v2\/pages\/106\/revisions\/936"}],"wp:attachment":[{"href":"http:\/\/ksliitto.fi\/index.php\/wp-json\/wp\/v2\/media?parent=106"}],"curies":[{"name":"wp","href":"https:\/\/api.w.org\/{rel}","templated":true}]}}