{"id":102,"date":"2013-05-28T22:09:34","date_gmt":"2013-05-28T19:09:34","guid":{"rendered":"http:\/\/hallinta.seltimil.fi\/~ksliitto\/?page_id=102"},"modified":"2026-01-06T16:36:04","modified_gmt":"2026-01-06T16:36:04","slug":"yhteyshenkilot","status":"publish","type":"page","link":"http:\/\/ksliitto.fi\/index.php\/jarjestotoiminta\/yhteyshenkilot\/","title":{"rendered":"Yhteyshenkil\u00f6t"},"content":{"rendered":"<p><b>Toiminnanjohtaja<\/b><\/p>\n<p>Minna H\u00e4m\u00e4l\u00e4inen<br \/>\n0500 641 489<br \/>\nminna.hamalainen@ksliitto.fi<\/p>\n<p><strong>Toimistosihteeri<\/strong><\/p>\n<p>Annika Saarikoski<br \/>\n050 358 1824<br \/>\nannika.saarikoski@ksliitto.fi<\/p>\n<p><i>Seuraa meit\u00e4 my\u00f6s <a href=\"https:\/\/www.facebook.com\/KeskiSuomenPalokuntanuoret?fref=ts\">Facebookissa<\/a>!<\/i><\/p>\n","protected":false},"excerpt":{"rendered":"<p>Toiminnanjohtaja Minna H\u00e4m\u00e4l\u00e4inen 0500 641 489 minna.hamalainen@ksliitto.fi Toimistosihteeri Annika Saarikoski 050 358 1824 annika.saarikoski@ksliitto.fi Seuraa meit\u00e4 my\u00f6s Facebookissa!<\/p>\n","protected":false},"author":1,"featured_media":0,"parent":92,"menu_order":4,"comment_status":"closed","ping_status":"closed","template":"","meta":{"footnotes":""},"_links":{"self":[{"href":"http:\/\/ksliitto.fi\/index.php\/wp-json\/wp\/v2\/pages\/102"}],"collection":[{"href":"http:\/\/ksliitto.fi\/index.php\/wp-json\/wp\/v2\/pages"}],"about":[{"href":"http:\/\/ksliitto.fi\/index.php\/wp-json\/wp\/v2\/types\/page"}],"author":[{"embeddable":true,"href":"http:\/\/ksliitto.fi\/index.php\/wp-json\/wp\/v2\/users\/1"}],"replies":[{"embeddable":true,"href":"http:\/\/ksliitto.fi\/index.php\/wp-json\/wp\/v2\/comments?post=102"}],"version-history":[{"count":3,"href":"http:\/\/ksliitto.fi\/index.php\/wp-json\/wp\/v2\/pages\/102\/revisions"}],"predecessor-version":[{"id":1891,"href":"http:\/\/ksliitto.fi\/index.php\/wp-json\/wp\/v2\/pages\/102\/revisions\/1891"}],"up":[{"embeddable":true,"href":"http:\/\/ksliitto.fi\/index.php\/wp-json\/wp\/v2\/pages\/92"}],"wp:attachment":[{"href":"http:\/\/ksliitto.fi\/index.php\/wp-json\/wp\/v2\/media?parent=102"}],"curies":[{"name":"wp","href":"https:\/\/api.w.org\/{rel}","templated":true}]}}