{"id":100,"date":"2013-05-28T22:07:37","date_gmt":"2013-05-28T19:07:37","guid":{"rendered":"http:\/\/hallinta.seltimil.fi\/~ksliitto\/?page_id=100"},"modified":"2016-08-19T10:40:30","modified_gmt":"2016-08-19T10:40:30","slug":"kilpailutoiminta","status":"publish","type":"page","link":"http:\/\/ksliitto.fi\/index.php\/jarjestotoiminta\/kilpailutoiminta\/","title":{"rendered":"Kilpailutoiminta"},"content":{"rendered":"<p><strong>PALOKUNTIEN LIEKKI-MALJA KILPAILUT<\/strong><\/p>\n<p>Palokuntien perinteiset &#8221;Liekki-Malja&#8221; -kilpailut<br \/>\nKilpailua yritet\u00e4\u00e4n elvytt\u00e4\u00e4 uudelleen toimintaan.<\/p>\n<p><b>PALOKUNTANUORTEN KILPAILU J\u00c4RJESTET\u00c4\u00c4N LEIRIN YHTEYDESS\u00c4<\/b><\/p>\n","protected":false},"excerpt":{"rendered":"<p>PALOKUNTIEN LIEKKI-MALJA KILPAILUT Palokuntien perinteiset &#8221;Liekki-Malja&#8221; -kilpailut Kilpailua yritet\u00e4\u00e4n elvytt\u00e4\u00e4 uudelleen toimintaan. PALOKUNTANUORTEN KILPAILU J\u00c4RJESTET\u00c4\u00c4N LEIRIN YHTEYDESS\u00c4<\/p>\n","protected":false},"author":1,"featured_media":0,"parent":92,"menu_order":3,"comment_status":"closed","ping_status":"closed","template":"","meta":{"footnotes":""},"_links":{"self":[{"href":"http:\/\/ksliitto.fi\/index.php\/wp-json\/wp\/v2\/pages\/100"}],"collection":[{"href":"http:\/\/ksliitto.fi\/index.php\/wp-json\/wp\/v2\/pages"}],"about":[{"href":"http:\/\/ksliitto.fi\/index.php\/wp-json\/wp\/v2\/types\/page"}],"author":[{"embeddable":true,"href":"http:\/\/ksliitto.fi\/index.php\/wp-json\/wp\/v2\/users\/1"}],"replies":[{"embeddable":true,"href":"http:\/\/ksliitto.fi\/index.php\/wp-json\/wp\/v2\/comments?post=100"}],"version-history":[{"count":1,"href":"http:\/\/ksliitto.fi\/index.php\/wp-json\/wp\/v2\/pages\/100\/revisions"}],"predecessor-version":[{"id":928,"href":"http:\/\/ksliitto.fi\/index.php\/wp-json\/wp\/v2\/pages\/100\/revisions\/928"}],"up":[{"embeddable":true,"href":"http:\/\/ksliitto.fi\/index.php\/wp-json\/wp\/v2\/pages\/92"}],"wp:attachment":[{"href":"http:\/\/ksliitto.fi\/index.php\/wp-json\/wp\/v2\/media?parent=100"}],"curies":[{"name":"wp","href":"https:\/\/api.w.org\/{rel}","templated":true}]}}