{"id":10,"date":"2013-05-28T20:30:23","date_gmt":"2013-05-28T17:30:23","guid":{"rendered":"http:\/\/hallinta.seltimil.fi\/~ksliitto\/?page_id=10"},"modified":"2016-08-19T10:38:44","modified_gmt":"2016-08-19T10:38:44","slug":"liitto","status":"publish","type":"page","link":"http:\/\/ksliitto.fi\/index.php\/liitto\/","title":{"rendered":"Liitto"},"content":{"rendered":"<p>Liiton tarkoituksena on Suomen Pelastusalan Keskusj\u00e4rjest\u00f6 ry:n (SPEK) j\u00e4senyhdistyksen\u00e4 edist\u00e4\u00e4 kansalaisten ja yhteiskunnan valmiutta ihmisten, omaisuuden ja ymp\u00e4rist\u00f6n turvaamiseen onnettomuuksien aiheuttamilta vaaroilta normaalioloissa, yhteiskunnan h\u00e4iri\u00f6tilanteissa ja poikkeusoloissa. Liitto jatkaa Keski-Suomen l\u00e4\u00e4nin Palontorjuntaliitto ry:n ja Keski-Suomen V\u00e4est\u00f6nsuojeluyhdistys ry:n ty\u00f6t\u00e4 ja perinteit\u00e4. Liiton asioita hoitaa\u00a0<i>hallitus<\/i>, johon kuuluu puheenjohtaja ja 6 muuta varsinaista j\u00e4sent\u00e4 sek\u00e4 7 henkil\u00f6kohtaista varaj\u00e4sent\u00e4.\u00a0\u00a0\u00a0\u00a0\u00a0<i>Hallitus voi tarvittaessa perustaa ty\u00f6valiokunnan<\/i>\u00a0ja muita tarvittavia toimielimi\u00e4. Keski-Suomen Pelastusalan liiton toiminnan taustalla vaikuttavat tavoitteet lyhyesti:<\/p>\n<ul>\n<li>Tukee ja ohjaa.<\/li>\n<li>Opastaa ja neuvoo.<\/li>\n<li>Kouluttaa ja valistaa.<\/li>\n<li>Tuottaa, julkaisee ja v\u00e4litt\u00e4 tietoa.<\/li>\n<li>Pyrkii toimimaan kiinnostuksen her\u00e4tt\u00e4j\u00e4n\u00e4.<\/li>\n<li>J\u00e4rjest\u00e4\u00e4 itse sek\u00e4 osallistuu muiden j\u00e4rjest\u00e4miin alaan liittyviin tapahtumiin.<\/li>\n<li>Antaa asiantuntija-apua.<\/li>\n<li>V\u00e4litt\u00e4\u00e4 alan aineistoa.<\/li>\n<li>Tekee esityksi\u00e4 ja aloitteita alan kehitt\u00e4miseksi.<\/li>\n<\/ul>\n","protected":false},"excerpt":{"rendered":"<p>Liiton tarkoituksena on Suomen Pelastusalan Keskusj\u00e4rjest\u00f6 ry:n (SPEK) j\u00e4senyhdistyksen\u00e4 edist\u00e4\u00e4 kansalaisten ja yhteiskunnan valmiutta ihmisten, omaisuuden ja ymp\u00e4rist\u00f6n turvaamiseen onnettomuuksien aiheuttamilta vaaroilta normaalioloissa, yhteiskunnan h\u00e4iri\u00f6tilanteissa ja poikkeusoloissa. Liitto jatkaa Keski-Suomen l\u00e4\u00e4nin Palontorjuntaliitto ry:n ja Keski-Suomen V\u00e4est\u00f6nsuojeluyhdistys ry:n ty\u00f6t\u00e4 ja perinteit\u00e4. Liiton asioita hoitaa\u00a0hallitus, johon kuuluu puheenjohtaja ja 6 muuta varsinaista j\u00e4sent\u00e4 sek\u00e4 7 henkil\u00f6kohtaista varaj\u00e4sent\u00e4.\u00a0\u00a0\u00a0\u00a0\u00a0Hallitus&hellip; <\/p>\n<p class=\"toivo-read-more\"><a href=\"http:\/\/ksliitto.fi\/index.php\/liitto\/\" class=\"more-link\">Lue lis\u00e4\u00e4 <span class=\"screen-reader-text\">Liitto<\/span><\/a><\/p>\n","protected":false},"author":1,"featured_media":0,"parent":0,"menu_order":1,"comment_status":"closed","ping_status":"closed","template":"","meta":{"footnotes":""},"_links":{"self":[{"href":"http:\/\/ksliitto.fi\/index.php\/wp-json\/wp\/v2\/pages\/10"}],"collection":[{"href":"http:\/\/ksliitto.fi\/index.php\/wp-json\/wp\/v2\/pages"}],"about":[{"href":"http:\/\/ksliitto.fi\/index.php\/wp-json\/wp\/v2\/types\/page"}],"author":[{"embeddable":true,"href":"http:\/\/ksliitto.fi\/index.php\/wp-json\/wp\/v2\/users\/1"}],"replies":[{"embeddable":true,"href":"http:\/\/ksliitto.fi\/index.php\/wp-json\/wp\/v2\/comments?post=10"}],"version-history":[{"count":1,"href":"http:\/\/ksliitto.fi\/index.php\/wp-json\/wp\/v2\/pages\/10\/revisions"}],"predecessor-version":[{"id":925,"href":"http:\/\/ksliitto.fi\/index.php\/wp-json\/wp\/v2\/pages\/10\/revisions\/925"}],"wp:attachment":[{"href":"http:\/\/ksliitto.fi\/index.php\/wp-json\/wp\/v2\/media?parent=10"}],"curies":[{"name":"wp","href":"https:\/\/api.w.org\/{rel}","templated":true}]}}